{"id":7550,"date":"2023-06-30T11:53:20","date_gmt":"2023-06-30T09:53:20","guid":{"rendered":"https:\/\/www.comesio.com\/web\/?page_id=7550"},"modified":"2023-10-04T14:10:09","modified_gmt":"2023-10-04T12:10:09","slug":"edanalytics","status":"publish","type":"page","link":"https:\/\/www.comesio.com\/web\/produkte\/edanalytics\/","title":{"rendered":"edAnalytics"},"content":{"rendered":"<section class=\"l-section wpb_row height_medium color_alternate with_shape\"><div class=\"l-section-shape type_tilt pos_bottom\" style=\"height:15vmin;\"><svg xmlns=\"http:\/\/www.w3.org\/2000\/svg\" viewBox=\"0 0 64 8\" preserveAspectRatio=\"none\" width=\"100%\" height=\"100%\">\r\n\t<path fill=\"currentColor\" d=\"M64 7.9 L64 10 L0 10 L0 0 Z\"\/>\r\n<\/svg><\/div><div class=\"l-section-h i-cf\"><div class=\"g-cols vc_row via_grid cols_1 laptops-cols_inherit tablets-cols_inherit mobiles-cols_1 valign_top type_default stacking_default\"><div class=\"wpb_column vc_column_container\"><div class=\"vc_column-inner\">[vc_custom_heading text=&#8220;<strong>PRODUKTE<\/strong><br \/>\nedAnalytics&#8220; font_container=&#8220;tag:h1|text_align:center&#8220; use_theme_fonts=&#8220;yes&#8220; css=&#8220;%7B%22default%22%3A%7B%22font-size%22%3A%2260%22%7D%7D&#8220;]<div class=\"w-iconbox iconpos_top style_default color_custom align_center no_text no_title\"><a href=\"#intro\" class=\"w-iconbox-link\" aria-label=\"fas|chevron-down\"><div class=\"w-iconbox-icon\" style=\"font-size:2rem;--icon-color:#333333;\"><i class=\"fas fa-chevron-down\"><\/i><\/div><\/a><div class=\"w-iconbox-meta\"><\/div><\/div><div class=\"w-separator size_large\"><\/div><\/div><\/div><\/div><\/div><\/section><section class=\"l-section wpb_row height_auto\" id=\"intro\"><div class=\"l-section-h i-cf\"><div class=\"g-cols vc_row via_grid cols_1 laptops-cols_inherit tablets-cols_inherit mobiles-cols_1 valign_top type_default stacking_default\"><div class=\"wpb_column vc_column_container\"><div class=\"vc_column-inner\">[vc_custom_heading text=&#8220;D\u00fcrfen wir Ihnen ein bisschen Zeit schenken? Wollen Sie Ihre Unternehmenskennzahlen mal aus einem ganz anderen Blickwinkel sehen? Ist Ihnen Flexibilit\u00e4t wichtig? Wenn Sie bei mindestens einer dieser Fragen mit ja geantwortet haben, dann sind Sie hier richtig!&#8220; font_container=&#8220;tag:p|font_size:26px|text_align:center|line_height:32px&#8220; google_fonts=&#8220;font_family:Open%20Sans%20Condensed%3A300%2C300italic%2C700|font_style:300%20light%20regular%3A300%3Anormal&#8220;]<div class=\"w-separator size_large\"><\/div><\/div><\/div><\/div><\/div><\/section><section class=\"l-section wpb_row height_auto\"><div class=\"l-section-h i-cf\"><div class=\"g-cols vc_row via_grid cols_1 laptops-cols_inherit tablets-cols_inherit mobiles-cols_1 valign_top type_default stacking_default\"><div class=\"wpb_column vc_column_container\"><div class=\"vc_column-inner\"><div class=\"g-cols wpb_row via_grid cols_2 laptops-cols_inherit tablets-cols_inherit mobiles-cols_1 valign_middle type_default stacking_default\" style=\"--columns-gap:3rem;\"><div class=\"wpb_column vc_column_container\"><div class=\"vc_column-inner\"><div class=\"wpb_text_column\"><div class=\"wpb_wrapper\"><h4><strong>edAnalytics<\/strong><br \/>\nSaaS Produkt f\u00fcr Enterprise- &amp; Franchise-Kunden.<\/h4>\n<\/div><\/div><div class=\"w-separator size_small\"><\/div><div class=\"wpb_text_column\"><div class=\"wpb_wrapper\"><p>Freuen Sie sich auf eine neue Erfahrung beim Lesen Ihrer Finanzkennzahlen. Unser erkl\u00e4rtes Ziel: w\u00e4hrend wir Altbew\u00e4hrtes erhalten, heben wir es gleichzeitig auf ein neues Level.<\/p>\n<p><strong class=\"zg\">Sicherheit geht vor<\/strong><br \/>\nWer aus Ihrem Unternehmen Zugriff auf Ihre BWA hat, bestimmen selbstverst\u00e4ndlich Sie. Um die effiziente Sicherheitsinfrastruktur k\u00fcmmern wir uns.<\/p>\n<\/div><\/div><div class=\"w-separator size_small\"><\/div><div class=\"w-btn-wrapper align_none\"><a class=\"w-btn us-btn-style_1 us_custom_f73f4019\" target=\"_blank\" rel=\"nofollow noopener\" href=\"https:\/\/www.edanalytics.de\"><span class=\"w-btn-label\">Mehr Informationen<\/span><\/a><\/div><\/div><\/div><div class=\"wpb_column vc_column_container\"><div class=\"vc_column-inner\"><div class=\"w-separator size_medium\"><\/div><div class=\"w-image align_none\"><div class=\"w-image-h\"><img decoding=\"async\" width=\"774\" height=\"475\" src=\"https:\/\/www.comesio.com\/web\/wp-content\/uploads\/2023\/06\/undraw_online_stats_0g94.svg\" class=\"attachment-full size-full\" alt=\"\" loading=\"lazy\" \/><\/div><\/div><\/div><\/div><\/div><\/div><\/div><\/div><\/div><\/section><section class=\"l-section wpb_row height_small\"><div class=\"l-section-h i-cf\"><div class=\"g-cols vc_row via_grid cols_1 laptops-cols_inherit tablets-cols_inherit mobiles-cols_1 valign_top type_default stacking_default\"><div class=\"wpb_column vc_column_container\"><div class=\"vc_column-inner\"><div class=\"w-separator size_medium\"><\/div><\/div><\/div><\/div><\/div><\/section><section class=\"l-section wpb_row height_auto color_alternate\"><div class=\"l-section-h i-cf\"><div class=\"g-cols vc_row via_grid cols_1 laptops-cols_inherit tablets-cols_inherit mobiles-cols_1 valign_middle type_default stacking_default\"><div class=\"wpb_column vc_column_container\"><div class=\"vc_column-inner\"><div class=\"g-cols wpb_row via_grid cols_2 laptops-cols_inherit tablets-cols_inherit mobiles-cols_1 valign_middle type_default stacking_default\" style=\"--columns-gap:3rem;\"><div class=\"wpb_column vc_column_container\"><div class=\"vc_column-inner\"><div class=\"w-separator size_small\"><\/div><div class=\"w-image align_none\"><div class=\"w-image-h\"><img decoding=\"async\" width=\"408\" height=\"612\" src=\"https:\/\/www.comesio.com\/web\/wp-content\/uploads\/2022\/04\/20200808_132-removebg-preview.png\" class=\"attachment-full size-full\" alt=\"\" loading=\"lazy\" srcset=\"https:\/\/www.comesio.com\/web\/wp-content\/uploads\/2022\/04\/20200808_132-removebg-preview.png 408w, https:\/\/www.comesio.com\/web\/wp-content\/uploads\/2022\/04\/20200808_132-removebg-preview-200x300.png 200w\" sizes=\"auto, (max-width: 408px) 100vw, 408px\" \/><\/div><\/div><\/div><\/div><div class=\"wpb_column vc_column_container\"><div class=\"vc_column-inner\"><div class=\"w-separator size_small\"><\/div><div class=\"wpb_text_column\"><div class=\"wpb_wrapper\"><blockquote>\n<h4>Es sind Ihre Zahlen. Warum sollten Sie sie dann nicht immer dann im Zugriff haben, wenn Sie sie ben\u00f6tigen?<\/h4>\n<\/blockquote>\n<p>Mit edAnalytics haben Sie jederzeit Ihre BWA und damit alle notwendigen Zahlen, die Sie zum Entscheiden ben\u00f6tigen, im Zugriff.<\/p>\n<p><a href=\"https:\/\/www.edanalytics.de\/\" target=\"_blank\" rel=\"noopener\">edAnalytics<\/a> hat keine \u00d6ffnungszeiten. Es ist jederzeit f\u00fcr Sie da. Egal, ob Sie Fr\u00fchaufsteher sind oder Nachteule. Analysieren Sie rund um die Uhr Ihre Daten. Wann immer es Ihnen zeitlich passt \u2013 edAnalytics ist immer f\u00fcr Sie da. Flexibel \u2013 digital \u2013 zeitschonen. Papier war gestern \u2013 edAnalytics ist heute.<\/p>\n<\/div><\/div><div class=\"w-separator size_medium\"><\/div><\/div><\/div><\/div><\/div><\/div><\/div><\/div><\/section><section class=\"l-section wpb_row us_custom_6bb6165e has_text_color height_small\" id=\"history\"><div class=\"l-section-h i-cf\"><div class=\"g-cols vc_row via_grid cols_1 laptops-cols_inherit tablets-cols_inherit mobiles-cols_1 valign_top type_default stacking_default\"><div class=\"wpb_column vc_column_container\"><div class=\"vc_column-inner\"><div class=\"w-actionbox color_primary controls_right\"><div class=\"w-actionbox-text\"><h2 class=\"w-actionbox-title\">edAnalytics<\/h2><div class=\"w-actionbox-description\"><p>M\u00f6chten Sie mehr erfahren oder Zugang zu unserer exklusiven Demoversion erhalten?<br \/>\nKein Problem, besuchen Sie unsere Landing-Page um mehr Informationen zu erhalten.<\/p>\n<\/div><\/div><div class=\"w-actionbox-controls\"><a class=\"w-btn us-btn-style_3\" style=\"font-size:16px\" target=\"_blank\" rel=\"nofollow noopener\" href=\"https:\/\/www.edanalytics.de\/\"><span class=\"w-btn-label\">Mehr Informationen<\/span><\/a><\/div><\/div><\/div><\/div><\/div><\/div><\/section>\n","protected":false},"excerpt":{"rendered":"[vc_custom_heading text=\"PRODUKTE edAnalytics\" font_container=\"tag:h1|text_align:center\" use_theme_fonts=\"yes\" css=\"%7B%22default%22%3A%7B%22font-size%22%3A%2260%22%7D%7D\"][vc_custom_heading text=\"D\u00fcrfen wir Ihnen ein bisschen Zeit schenken? Wollen Sie Ihre Unternehmenskennzahlen mal aus einem ganz anderen Blickwinkel sehen? Ist Ihnen Flexibilit\u00e4t wichtig? Wenn Sie bei mindestens einer dieser Fragen mit ja geantwortet haben, dann sind Sie hier richtig!\" font_container=\"tag:p|font_size:26px|text_align:center|line_height:32px\" google_fonts=\"font_family:Open%20Sans%20Condensed%3A300%2C300italic%2C700|font_style:300%20light%20regular%3A300%3Anormal\"]edAnalytics SaaS Produkt f\u00fcr Enterprise- &amp; Franchise-Kunden. Freuen Sie sich...","protected":false},"author":1,"featured_media":0,"parent":1194,"menu_order":0,"comment_status":"closed","ping_status":"closed","template":"","meta":{"footnotes":""},"class_list":["post-7550","page","type-page","status-publish","hentry"],"_links":{"self":[{"href":"https:\/\/www.comesio.com\/web\/wp-json\/wp\/v2\/pages\/7550","targetHints":{"allow":["GET"]}}],"collection":[{"href":"https:\/\/www.comesio.com\/web\/wp-json\/wp\/v2\/pages"}],"about":[{"href":"https:\/\/www.comesio.com\/web\/wp-json\/wp\/v2\/types\/page"}],"author":[{"embeddable":true,"href":"https:\/\/www.comesio.com\/web\/wp-json\/wp\/v2\/users\/1"}],"replies":[{"embeddable":true,"href":"https:\/\/www.comesio.com\/web\/wp-json\/wp\/v2\/comments?post=7550"}],"version-history":[{"count":8,"href":"https:\/\/www.comesio.com\/web\/wp-json\/wp\/v2\/pages\/7550\/revisions"}],"predecessor-version":[{"id":7655,"href":"https:\/\/www.comesio.com\/web\/wp-json\/wp\/v2\/pages\/7550\/revisions\/7655"}],"up":[{"embeddable":true,"href":"https:\/\/www.comesio.com\/web\/wp-json\/wp\/v2\/pages\/1194"}],"wp:attachment":[{"href":"https:\/\/www.comesio.com\/web\/wp-json\/wp\/v2\/media?parent=7550"}],"curies":[{"name":"wp","href":"https:\/\/api.w.org\/{rel}","templated":true}]}}