{"id":6903,"date":"2022-04-25T21:13:47","date_gmt":"2022-04-25T19:13:47","guid":{"rendered":"https:\/\/www.comesio.com\/web\/?page_id=6903"},"modified":"2025-09-08T15:47:36","modified_gmt":"2025-09-08T13:47:36","slug":"edsitebuilder","status":"publish","type":"page","link":"https:\/\/www.comesio.com\/web\/produkte\/edsitebuilder\/","title":{"rendered":"edSitebuilder"},"content":{"rendered":"<section class=\"l-section wpb_row height_medium color_alternate with_shape\"><div class=\"l-section-shape type_tilt pos_bottom\" style=\"height:15vmin;\"><svg xmlns=\"http:\/\/www.w3.org\/2000\/svg\" viewBox=\"0 0 64 8\" preserveAspectRatio=\"none\" width=\"100%\" height=\"100%\">\r\n\t<path fill=\"currentColor\" d=\"M64 7.9 L64 10 L0 10 L0 0 Z\"\/>\r\n<\/svg><\/div><div class=\"l-section-h i-cf\"><div class=\"g-cols vc_row via_grid cols_1 laptops-cols_inherit tablets-cols_inherit mobiles-cols_1 valign_top type_default stacking_default\"><div class=\"wpb_column vc_column_container\"><div class=\"vc_column-inner\">[vc_custom_heading text=&#8220;<strong>PRODUKTE<\/strong><br \/>\nedSitebuilder&#8220; font_container=&#8220;tag:h1|text_align:center&#8220; use_theme_fonts=&#8220;yes&#8220; css=&#8220;%7B%22default%22%3A%7B%22font-size%22%3A%2260%22%7D%7D&#8220;]<div class=\"w-iconbox iconpos_top style_default color_custom align_center no_text no_title\"><a href=\"#intro\" class=\"w-iconbox-link\" aria-label=\"fas|chevron-down\"><div class=\"w-iconbox-icon\" style=\"font-size:2rem;--icon-color:#333333;\"><i class=\"fas fa-chevron-down\"><\/i><\/div><\/a><div class=\"w-iconbox-meta\"><\/div><\/div><div class=\"w-separator size_large\"><\/div><\/div><\/div><\/div><\/div><\/section><section class=\"l-section wpb_row height_auto\" id=\"intro\"><div class=\"l-section-h i-cf\"><div class=\"g-cols vc_row via_grid cols_1 laptops-cols_inherit tablets-cols_inherit mobiles-cols_1 valign_top type_default stacking_default\"><div class=\"wpb_column vc_column_container\"><div class=\"vc_column-inner\">[vc_custom_heading text=&#8220;Sicherheit, Flexibilit\u00e4t, einfache Bedienbarkeit \u2013 h\u00f6ren Sie auf zu tr\u00e4umen,<br \/>\ndas Content Management System der n\u00e4chsten Generation ist bereits vorhanden.&#8220; font_container=&#8220;tag:p|font_size:26px|text_align:center|line_height:32px&#8220; google_fonts=&#8220;font_family:Open%20Sans%20Condensed%3A300%2C300italic%2C700|font_style:300%20light%20regular%3A300%3Anormal&#8220;]<div class=\"w-separator size_large\"><\/div><\/div><\/div><\/div><\/div><\/section><section class=\"l-section wpb_row height_auto\"><div class=\"l-section-h i-cf\"><div class=\"g-cols vc_row via_grid cols_1 laptops-cols_inherit tablets-cols_inherit mobiles-cols_1 valign_top type_default stacking_default\"><div class=\"wpb_column vc_column_container\"><div class=\"vc_column-inner\"><div class=\"g-cols wpb_row via_grid cols_2 laptops-cols_inherit tablets-cols_inherit mobiles-cols_1 valign_middle type_default stacking_default\" style=\"--columns-gap:3rem;\"><div class=\"wpb_column vc_column_container\"><div class=\"vc_column-inner\"><div class=\"wpb_text_column\"><div class=\"wpb_wrapper\"><h4><strong>edSitebuilder<\/strong><br \/>\nSaaS Produkt f\u00fcr Enterprise- &amp; Franchise-Kunden.<\/h4>\n<\/div><\/div><div class=\"w-separator size_small\"><\/div><div class=\"wpb_text_column\"><div class=\"wpb_wrapper\"><p>Verwalten Sie zentral mehrere Webseiten Ihrer Franchise-Partner, Agenturen oder Filialen. Mit edSitebuilder haben Sie die M\u00f6glichkeit Inhalte mehrere Webseiten zentral zu steuern, diese mit Neuigkeiten zu bespielen, oder offene Stellenangebote gezielt zu schalten.<\/p>\n<p>Unsere Software wird stetig weiterentwickelt. Profitieren Sie daher zus\u00e4tzlich von unseren Programmierungen und bleiben Sie up-to-date mit dem neuesten Technologiestand.<\/p>\n<\/div><\/div><div class=\"w-separator size_small\"><\/div><div class=\"w-btn-wrapper align_none\"><a class=\"w-btn us-btn-style_1 us_custom_f73f4019\" target=\"_blank\" rel=\"nofollow noopener\" href=\"https:\/\/www.edsitebuilder.com\"><span class=\"w-btn-label\">Mehr Informationen<\/span><\/a><\/div><\/div><\/div><div class=\"wpb_column vc_column_container\"><div class=\"vc_column-inner\"><div class=\"w-separator size_medium\"><\/div><div class=\"w-image align_none\"><div class=\"w-image-h\"><img decoding=\"async\" width=\"1005\" height=\"548\" src=\"https:\/\/www.comesio.com\/web\/wp-content\/uploads\/2022\/04\/Add_tasks_re_s5yj.svg\" class=\"attachment-full size-full\" alt=\"\" loading=\"lazy\" \/><\/div><\/div><\/div><\/div><\/div><\/div><\/div><\/div><\/div><\/section><section class=\"l-section wpb_row height_small\"><div class=\"l-section-h i-cf\"><div class=\"g-cols vc_row via_grid cols_1 laptops-cols_inherit tablets-cols_inherit mobiles-cols_1 valign_top type_default stacking_default\"><div class=\"wpb_column vc_column_container\"><div class=\"vc_column-inner\"><div class=\"w-separator size_medium\"><\/div><\/div><\/div><\/div><\/div><\/section><section class=\"l-section wpb_row height_auto color_alternate\"><div class=\"l-section-h i-cf\"><div class=\"g-cols vc_row via_grid cols_1 laptops-cols_inherit tablets-cols_inherit mobiles-cols_1 valign_middle type_default stacking_default\"><div class=\"wpb_column vc_column_container\"><div class=\"vc_column-inner\"><div class=\"g-cols wpb_row via_grid cols_2 laptops-cols_inherit tablets-cols_inherit mobiles-cols_1 valign_middle type_default stacking_default\" style=\"--columns-gap:3rem;\"><div class=\"wpb_column vc_column_container\"><div class=\"vc_column-inner\"><div class=\"w-separator size_small\"><\/div><div class=\"w-image align_none\"><div class=\"w-image-h\"><img decoding=\"async\" width=\"408\" height=\"612\" src=\"https:\/\/www.comesio.com\/web\/wp-content\/uploads\/2022\/04\/20200808_132-removebg-preview.png\" class=\"attachment-full size-full\" alt=\"\" loading=\"lazy\" srcset=\"https:\/\/www.comesio.com\/web\/wp-content\/uploads\/2022\/04\/20200808_132-removebg-preview.png 408w, https:\/\/www.comesio.com\/web\/wp-content\/uploads\/2022\/04\/20200808_132-removebg-preview-200x300.png 200w\" sizes=\"auto, (max-width: 408px) 100vw, 408px\" \/><\/div><\/div><\/div><\/div><div class=\"wpb_column vc_column_container\"><div class=\"vc_column-inner\"><div class=\"w-separator size_small\"><\/div><div class=\"wpb_text_column\"><div class=\"wpb_wrapper\"><blockquote>\n<h4>Unser <strong>Enterprise CMS<\/strong> macht bereits mehrere tausend Firmen gl\u00fccklich.<\/h4>\n<\/blockquote>\n<p>Speziell im Enterprise Segment findet unser Produkt bereits Anklang. Wir haben (Stand 2025) mehr als 1.500 Webseiten, welche mittels <a href=\"https:\/\/www.edsitebuilder.com\" target=\"_blank\" rel=\"noopener\">edSitebuilder<\/a> umgesetzt wurden und online sind.<\/p>\n<p>Das einzigartige Konzept, die Architektur der Softwarel\u00f6sung, der Umgang mit dem Thema Sicherheit,die Bedienbarkeit aber auch unser <a href=\"\/services\/leistungen\/support\/\">Support<\/a> sind Punkte, welche unsere Kunden zu sch\u00e4tzen wissen. Worauf warten Sie? Kontaktieren Sie uns um mehr zu erfahren.<\/p>\n<\/div><\/div><div class=\"w-separator size_medium\"><\/div><\/div><\/div><\/div><\/div><\/div><\/div><\/div><\/section><section class=\"l-section wpb_row us_custom_6bb6165e has_text_color height_small\" id=\"history\"><div class=\"l-section-h i-cf\"><div class=\"g-cols vc_row via_grid cols_1 laptops-cols_inherit tablets-cols_inherit mobiles-cols_1 valign_top type_default stacking_default\"><div class=\"wpb_column vc_column_container\"><div class=\"vc_column-inner\"><div class=\"w-actionbox color_primary controls_right\"><div class=\"w-actionbox-text\"><h2 class=\"w-actionbox-title\">Demo<\/h2><div class=\"w-actionbox-description\"><p>M\u00f6chten Sie mehr erfahren oder Zugang zu unserer exklusiven Demoversion erhalten?<br \/>\nKein Problem, besuchen Sie unsere Landing-Page um mehr Informationen zu erhalten.<\/p>\n<\/div><\/div><div class=\"w-actionbox-controls\"><a class=\"w-btn us-btn-style_3\" style=\"font-size:16px\" target=\"_blank\" rel=\"nofollow noopener\" href=\"https:\/\/www.edsitebuilder.com\/\"><span class=\"w-btn-label\">Mehr Informationen<\/span><\/a><\/div><\/div><\/div><\/div><\/div><\/div><\/section>\n","protected":false},"excerpt":{"rendered":"[vc_custom_heading text=\"PRODUKTE edSitebuilder\" font_container=\"tag:h1|text_align:center\" use_theme_fonts=\"yes\" css=\"%7B%22default%22%3A%7B%22font-size%22%3A%2260%22%7D%7D\"][vc_custom_heading text=\"Sicherheit, Flexibilit\u00e4t, einfache Bedienbarkeit \u2013 h\u00f6ren Sie auf zu tr\u00e4umen, das Content Management System der n\u00e4chsten Generation ist bereits vorhanden.\" font_container=\"tag:p|font_size:26px|text_align:center|line_height:32px\" google_fonts=\"font_family:Open%20Sans%20Condensed%3A300%2C300italic%2C700|font_style:300%20light%20regular%3A300%3Anormal\"]edSitebuilder SaaS Produkt f\u00fcr Enterprise- &amp; Franchise-Kunden. Verwalten Sie zentral mehrere Webseiten Ihrer Franchise-Partner, Agenturen oder Filialen. Mit edSitebuilder haben Sie die M\u00f6glichkeit Inhalte mehrere Webseiten zentral zu...","protected":false},"author":1,"featured_media":0,"parent":1194,"menu_order":0,"comment_status":"closed","ping_status":"closed","template":"","meta":{"footnotes":""},"class_list":["post-6903","page","type-page","status-publish","hentry"],"_links":{"self":[{"href":"https:\/\/www.comesio.com\/web\/wp-json\/wp\/v2\/pages\/6903","targetHints":{"allow":["GET"]}}],"collection":[{"href":"https:\/\/www.comesio.com\/web\/wp-json\/wp\/v2\/pages"}],"about":[{"href":"https:\/\/www.comesio.com\/web\/wp-json\/wp\/v2\/types\/page"}],"author":[{"embeddable":true,"href":"https:\/\/www.comesio.com\/web\/wp-json\/wp\/v2\/users\/1"}],"replies":[{"embeddable":true,"href":"https:\/\/www.comesio.com\/web\/wp-json\/wp\/v2\/comments?post=6903"}],"version-history":[{"count":57,"href":"https:\/\/www.comesio.com\/web\/wp-json\/wp\/v2\/pages\/6903\/revisions"}],"predecessor-version":[{"id":7684,"href":"https:\/\/www.comesio.com\/web\/wp-json\/wp\/v2\/pages\/6903\/revisions\/7684"}],"up":[{"embeddable":true,"href":"https:\/\/www.comesio.com\/web\/wp-json\/wp\/v2\/pages\/1194"}],"wp:attachment":[{"href":"https:\/\/www.comesio.com\/web\/wp-json\/wp\/v2\/media?parent=6903"}],"curies":[{"name":"wp","href":"https:\/\/api.w.org\/{rel}","templated":true}]}}