{"id":6728,"date":"2020-08-13T09:45:46","date_gmt":"2020-08-13T07:45:46","guid":{"rendered":"https:\/\/www.comesio.com\/web\/?page_id=6728"},"modified":"2024-04-02T09:29:53","modified_gmt":"2024-04-02T07:29:53","slug":"home-2020","status":"publish","type":"page","link":"https:\/\/www.comesio.com\/web\/","title":{"rendered":"Home"},"content":{"rendered":"<section class=\"l-section wpb_row height_auto width_full\"><div class=\"l-section-h i-cf\"><div class=\"g-cols vc_row via_grid cols_1 laptops-cols_inherit tablets-cols_inherit mobiles-cols_1 valign_top type_default stacking_default\"><div class=\"wpb_column vc_column_container\"><div class=\"vc_column-inner\"><div class=\"w-image us_custom_f9bf6f4d align_none\"><div class=\"w-image-h\"><img decoding=\"async\" width=\"2480\" height=\"550\" src=\"https:\/\/www.comesio.com\/web\/wp-content\/uploads\/2023\/07\/header-comesio2.jpg\" class=\"attachment-full size-full\" alt=\"\" loading=\"lazy\" srcset=\"https:\/\/www.comesio.com\/web\/wp-content\/uploads\/2023\/07\/header-comesio2.jpg 2480w, https:\/\/www.comesio.com\/web\/wp-content\/uploads\/2023\/07\/header-comesio2-300x67.jpg 300w, https:\/\/www.comesio.com\/web\/wp-content\/uploads\/2023\/07\/header-comesio2-1024x227.jpg 1024w, https:\/\/www.comesio.com\/web\/wp-content\/uploads\/2023\/07\/header-comesio2-600x133.jpg 600w, https:\/\/www.comesio.com\/web\/wp-content\/uploads\/2023\/07\/header-comesio2-768x170.jpg 768w\" sizes=\"auto, (max-width: 2480px) 100vw, 2480px\" \/><\/div><\/div><\/div><\/div><\/div><\/div><\/section><section class=\"l-section wpb_row height_auto\" id=\"first\"><div class=\"l-section-h i-cf\"><div class=\"g-cols vc_row via_grid cols_1 laptops-cols_inherit tablets-cols_inherit mobiles-cols_1 valign_top type_default stacking_default\"><div class=\"wpb_column vc_column_container\"><div class=\"vc_column-inner\"><div class=\"w-separator size_large\"><\/div><div class=\"wpb_text_column\"><div class=\"wpb_wrapper\"><h2 style=\"text-align: center;\"><strong>BUSINESS<\/strong> INTELLIGENCE | DIGITALISIERUNG<br \/>\n<strong>WEBDESIGN &amp;<\/strong> PROGRAMMIERUNG<\/h2>\n<\/div><\/div><\/div><\/div><\/div><\/div><\/section><section class=\"l-section wpb_row height_medium\" id=\"third\"><div class=\"l-section-h i-cf\"><div class=\"g-cols vc_row via_grid cols_2 laptops-cols_inherit tablets-cols_inherit mobiles-cols_1 valign_top type_default stacking_default\"><div class=\"wpb_column vc_column_container\"><div class=\"vc_column-inner\"><div class=\"wpb_text_column\"><div class=\"wpb_wrapper\"><p>Die <strong>comesio<\/strong> ist ein \u00fcber die Grenzen hinaus erfolgreiches IT Unternehmen mit \u00d6sterreichischen Wurzeln. Gegr\u00fcndet 2011 als Spezialist und Implementierungspartner f\u00fcr <strong>IBM Cognos BI<\/strong> und <strong>IBM Cognos TM1<\/strong> folgt es seither dem Credo <strong>\u201eEmpowering Business Intelligence\u201c<\/strong> und begleitet erfolgreich Kunden aus allen Sparten bei ihren Projekten \u2013 von der Idee \u00fcber die Umsetzung, die Implementierung bis hin zur Schulung und \u00dcbergabe.<\/p>\n<p>Durch die Aufnahme in die gro\u00dfe eurodata-Familie im Mai 2016 hat die comesio nun auch den Bereich Big Data neu strukturiert und effektiv erweitert.<\/p>\n<\/div><\/div><\/div><\/div><div class=\"wpb_column vc_column_container\"><div class=\"vc_column-inner\"><div class=\"wpb_text_column\"><div class=\"wpb_wrapper\"><p>Im April 2020 erweiterte die comesio abermals ihr Portfolio und gr\u00fcndet mit zwei starken Partnern die <strong><span style=\"color: #821257;\">comesio solutions<\/span><\/strong>. Diese hilft Unternehmen bei der Digitalisierung und unterst\u00fctzt mit professionellen L\u00f6sungen in den Bereichen Software- &amp; Schnittstellenprogrammierung.<\/p>\n<p><strong><span style=\"color: #821257;\">Zukunftsweisende Themen<\/span><\/strong> wie Industrie 4.0 bleiben Dank der Produkte <a href=\"https:\/\/www.comesio.com\/web\/produkte\/edbic\/\"><u>edbic<\/u><\/a>, einer leistungsstarken Digitalisierungssoftware aus eigenem Haus und dem <a href=\"https:\/\/www.comesio.com\/web\/produkte\/edsitebuilder\/\"><u>edSitebuilder<\/u><\/a>, das Content Management System der n\u00e4chsten Generation, kein ungeschriebenes Blatt. Wir freuen uns, Ihre Anforderungen zu analysieren und umzusetzen.<\/p>\n<\/div><\/div><\/div><\/div><\/div><\/div><\/section><section class=\"l-section wpb_row height_medium\"><div class=\"l-section-h i-cf\"><div class=\"g-cols vc_row via_grid cols_2 laptops-cols_inherit tablets-cols_inherit mobiles-cols_1 valign_middle type_default stacking_default\"><div class=\"wpb_column vc_column_container type_sticky\"><div class=\"vc_column-inner\"><div class=\"w-image us_custom_12829b65 us_animate_this align_center\"><div class=\"w-image-h\"><img decoding=\"async\" width=\"940\" height=\"788\" src=\"https:\/\/www.comesio.com\/web\/wp-content\/uploads\/2023\/10\/Beige-New-Product-Mockup-Now-Available-Facebook-Post1.png\" class=\"attachment-full size-full\" alt=\"\" loading=\"lazy\" srcset=\"https:\/\/www.comesio.com\/web\/wp-content\/uploads\/2023\/10\/Beige-New-Product-Mockup-Now-Available-Facebook-Post1.png 940w, https:\/\/www.comesio.com\/web\/wp-content\/uploads\/2023\/10\/Beige-New-Product-Mockup-Now-Available-Facebook-Post1-300x251.png 300w, https:\/\/www.comesio.com\/web\/wp-content\/uploads\/2023\/10\/Beige-New-Product-Mockup-Now-Available-Facebook-Post1-600x503.png 600w, https:\/\/www.comesio.com\/web\/wp-content\/uploads\/2023\/10\/Beige-New-Product-Mockup-Now-Available-Facebook-Post1-768x644.png 768w\" sizes=\"auto, (max-width: 940px) 100vw, 940px\" \/><\/div><\/div><\/div><\/div><div class=\"wpb_column vc_column_container\"><div class=\"vc_column-inner\"><div class=\"w-separator size_small\"><\/div><div class=\"wpb_text_column\"><div class=\"wpb_wrapper\"><h2><strong>Business Intelligence| Big Data<br \/>\n<\/strong><\/h2>\n<\/div><\/div><div class=\"w-separator size_small\"><\/div><div class=\"wpb_text_column\"><div class=\"wpb_wrapper\"><p>BI k\u00f6nnte nat\u00fcrlich \u201eBusinessplan innovativ\u201c hei\u00dfen oder auch \u201eBest Practice Insight\u201c, in unserer Branche spricht man von <strong>Business Intelligence<\/strong> \u2013 and that\u2019s what we do! Wir k\u00fcmmern uns seit \u00fcber 15 Jahren mit intelligenter Software hochprofessionell und noch immer motiviert wie am ersten Tag um Ihren Gesch\u00e4ftserfolg. Dabei arbeiten wir mit verschiedenen Software Hersteller, die wir abh\u00e4ngig von Ihren Anforderungen, dem Bedarf und Ihrem Budget einsetzen.<\/p>\n<p>Vertrauen Sie uns Ihre Daten an, wir machen das Beste daraus. Wir zeigen Ihnen, wie Sie die wichtigsten Informationen aus den Daten gewinnen, visualisieren diese in Berichte oder W\u00fcrfel und helfen Ihnen bei der Budgetierung der kommenden Jahre. Mit der comesio haben Sie einen <strong>Allrounder<\/strong> in Sachen <strong>Datenmanagement<\/strong> und <strong>Business Intelligence<\/strong>, der Ihr Unternehmen in neuem Glanz erstrahlen l\u00e4sst.<\/p>\n<\/div><\/div><div class=\"w-separator size_small\"><\/div><\/div><\/div><\/div><\/div><\/section><section class=\"l-section wpb_row height_medium color_primary\" id=\"fourth\"><div class=\"l-section-h i-cf\"><div class=\"g-cols vc_row via_grid cols_1 laptops-cols_inherit tablets-cols_inherit mobiles-cols_1 valign_top type_default stacking_default\"><div class=\"wpb_column vc_column_container\"><div class=\"vc_column-inner\"><div class=\"w-actionbox color_primary controls_right\"><div class=\"w-actionbox-text\"><h2 class=\"w-actionbox-title\" style=\"font-size:h3\">Unsere Mission<\/h2><div class=\"w-actionbox-description\"><p>Die comesio hilft ihnen die richtigen Daten zum richtigen Zeitpunkt den richtigen Personen<br \/>\nzur Verf\u00fcgung zu stellen, damit diese die richtigen Entscheidungen treffen k\u00f6nnen.<\/p>\n<\/div><\/div><div class=\"w-actionbox-controls\"><a class=\"w-btn us-btn-style_3 icon_atleft\" title=\"Kontakt\" href=\"https:\/\/www.comesio.com\/web\/kontakt\/\" style=\"font-size:20px;\"><i class=\"fas fa-arrow-right\"><\/i><span class=\"w-btn-label\">KONTAKT AUFNEHMEN<\/span><\/a><\/div><\/div><\/div><\/div><\/div><\/div><\/section><section class=\"l-section wpb_row height_medium\"><div class=\"l-section-h i-cf\"><div class=\"g-cols vc_row via_grid cols_2 laptops-cols_inherit tablets-cols_inherit mobiles-cols_1 valign_middle type_default stacking_default\"><div class=\"wpb_column vc_column_container\"><div class=\"vc_column-inner\"><div class=\"wpb_text_column\"><div class=\"wpb_wrapper\"><h2><strong>Digitalisierung | Programmierung<br \/>\n<\/strong><\/h2>\n<\/div><\/div><div class=\"w-separator size_small\"><\/div><div class=\"wpb_text_column\"><div class=\"wpb_wrapper\"><div id=\"c397\" class=\"csc-default\">\n<p>Digitalisierung ist DAS Schlagwort dieser Zeit. Gesunde Unternehmen behaupten sich mit gut konzipierten <strong>Webseiten<\/strong> und innovativen <strong>Webshopl\u00f6sungen<\/strong>. Aber nicht jedem Betrieb passt eine Standardl\u00f6sung. Und hier kommt auch schon die comesio solutions ins Spiel, die gleicherma\u00dfen gerne Standardl\u00f6sungen f\u00fcr Sie optimiert, <strong>sowie individuelle Softwarekonzepte<\/strong> realisiert.<\/p>\n<\/div>\n<\/div><\/div><div class=\"w-separator size_small\"><\/div><div class=\"wpb_text_column\"><div class=\"wpb_wrapper\"><div id=\"c398\" class=\"csc-default\">\n<header class=\"csc-header csc-header-n2\">\n<blockquote>\n<h4>Wer <strong>analog<\/strong> denkt, wird die <strong>Vorteile<\/strong> der <strong>Digitalisierung<\/strong> nie verstehen.<\/h4>\n<\/blockquote>\n<p><small>Zitat von: Marc Ruo\u00df<\/small><\/p>\n<\/header>\n<\/div>\n<\/div><\/div><div class=\"w-separator size_small\"><\/div><div class=\"wpb_text_column\"><div class=\"wpb_wrapper\"><div id=\"c397\" class=\"csc-default\"><\/div>\n<div id=\"c398\" class=\"csc-default\">\n<header class=\"csc-header csc-header-n2\">Jahrelange Erfahrung im Bereich der Softwareentwicklung, h\u00f6chste Qualit\u00e4tsanspr\u00fcche, st\u00e4ndige Weiterentwicklung und immer im Fokus &#8222;up-to-date&#8220; zu bleiben &#8211; das macht die <strong>comesio solutions<\/strong> einzigartig.<\/header>\n<\/div>\n<\/div><\/div><\/div><\/div><div class=\"wpb_column vc_column_container\"><div class=\"vc_column-inner\"><div class=\"wpb_text_column us_custom_64aeabe8 hide_on_tablets hide_on_mobiles\"><div class=\"wpb_wrapper\"><div style=\"width: 400px;\" class=\"wp-video\"><video class=\"wp-video-shortcode\" id=\"video-6728-1\" width=\"400\" height=\"711\" loop autoplay preload=\"metadata\" controls=\"controls\"><source type=\"video\/mp4\" src=\"https:\/\/www.comesio.com\/web\/wp-content\/uploads\/2023\/10\/video-digitalisierung-programmierung.mp4?_=1\" \/><a href=\"https:\/\/www.comesio.com\/web\/wp-content\/uploads\/2023\/10\/video-digitalisierung-programmierung.mp4\">https:\/\/www.comesio.com\/web\/wp-content\/uploads\/2023\/10\/video-digitalisierung-programmierung.mp4<\/a><\/video><\/div>\n<\/div><\/div><div class=\"w-image hide_on_default hide_on_laptops align_center\"><div class=\"w-image-h\"><img decoding=\"async\" width=\"1089\" height=\"1921\" src=\"https:\/\/www.comesio.com\/web\/wp-content\/uploads\/2023\/10\/video-digitalisierung-programmierung-vorschau.png\" class=\"attachment-full size-full\" alt=\"\" loading=\"lazy\" srcset=\"https:\/\/www.comesio.com\/web\/wp-content\/uploads\/2023\/10\/video-digitalisierung-programmierung-vorschau.png 1089w, https:\/\/www.comesio.com\/web\/wp-content\/uploads\/2023\/10\/video-digitalisierung-programmierung-vorschau-170x300.png 170w, https:\/\/www.comesio.com\/web\/wp-content\/uploads\/2023\/10\/video-digitalisierung-programmierung-vorschau-580x1024.png 580w, https:\/\/www.comesio.com\/web\/wp-content\/uploads\/2023\/10\/video-digitalisierung-programmierung-vorschau-600x1058.png 600w, https:\/\/www.comesio.com\/web\/wp-content\/uploads\/2023\/10\/video-digitalisierung-programmierung-vorschau-768x1355.png 768w\" sizes=\"auto, (max-width: 1089px) 100vw, 1089px\" \/><\/div><\/div><\/div><\/div><\/div><\/div><\/section><section class=\"l-section wpb_row height_medium color_primary\"><div class=\"l-section-h i-cf\"><div class=\"g-cols vc_row via_grid cols_1 laptops-cols_inherit tablets-cols_inherit mobiles-cols_1 valign_top type_default stacking_default\"><div class=\"wpb_column vc_column_container\"><div class=\"vc_column-inner\"><div class=\"w-actionbox color_primary controls_right\"><div class=\"w-actionbox-text\"><h2 class=\"w-actionbox-title\" style=\"font-size:h3\">Unsere Vision<\/h2><div class=\"w-actionbox-description\"><p>Die comesio solutions verfolgt die Vision einer digitalen Zukunft. Manuelle Prozesse sollen weitgehend automatisiert &amp; Gesch\u00e4ftsbereiche digitalisiert werden und somit der Zeit immer einen Schritt voraus zu sein.<\/p>\n<\/div><\/div><div class=\"w-actionbox-controls\"><a class=\"w-btn us-btn-style_3 icon_atleft\" title=\"Kontakt\" href=\"https:\/\/www.comesio.com\/web\/kontakt\/\" style=\"font-size:20px;\"><i class=\"fas fa-arrow-right\"><\/i><span class=\"w-btn-label\">KONTAKT AUFNEHMEN<\/span><\/a><\/div><\/div><\/div><\/div><\/div><\/div><\/section>\n","protected":false},"excerpt":{"rendered":"BUSINESS INTELLIGENCE | DIGITALISIERUNG WEBDESIGN &amp; PROGRAMMIERUNG Die comesio ist ein \u00fcber die Grenzen hinaus erfolgreiches IT Unternehmen mit \u00d6sterreichischen Wurzeln. Gegr\u00fcndet 2011 als Spezialist und Implementierungspartner f\u00fcr IBM Cognos BI und IBM Cognos TM1 folgt es seither dem Credo \u201eEmpowering Business Intelligence\u201c und begleitet erfolgreich Kunden aus allen Sparten bei ihren Projekten \u2013 von...","protected":false},"author":1,"featured_media":0,"parent":0,"menu_order":0,"comment_status":"closed","ping_status":"closed","template":"","meta":{"footnotes":""},"class_list":["post-6728","page","type-page","status-publish","hentry"],"_links":{"self":[{"href":"https:\/\/www.comesio.com\/web\/wp-json\/wp\/v2\/pages\/6728","targetHints":{"allow":["GET"]}}],"collection":[{"href":"https:\/\/www.comesio.com\/web\/wp-json\/wp\/v2\/pages"}],"about":[{"href":"https:\/\/www.comesio.com\/web\/wp-json\/wp\/v2\/types\/page"}],"author":[{"embeddable":true,"href":"https:\/\/www.comesio.com\/web\/wp-json\/wp\/v2\/users\/1"}],"replies":[{"embeddable":true,"href":"https:\/\/www.comesio.com\/web\/wp-json\/wp\/v2\/comments?post=6728"}],"version-history":[{"count":136,"href":"https:\/\/www.comesio.com\/web\/wp-json\/wp\/v2\/pages\/6728\/revisions"}],"predecessor-version":[{"id":7668,"href":"https:\/\/www.comesio.com\/web\/wp-json\/wp\/v2\/pages\/6728\/revisions\/7668"}],"wp:attachment":[{"href":"https:\/\/www.comesio.com\/web\/wp-json\/wp\/v2\/media?parent=6728"}],"curies":[{"name":"wp","href":"https:\/\/api.w.org\/{rel}","templated":true}]}}