{"id":6529,"date":"2018-05-17T16:24:23","date_gmt":"2018-05-17T14:24:23","guid":{"rendered":"http:\/\/comesio.cchosting.at\/wordpress\/?page_id=6529"},"modified":"2023-07-14T09:22:40","modified_gmt":"2023-07-14T07:22:40","slug":"haftungsausschluss","status":"publish","type":"page","link":"https:\/\/www.comesio.com\/web\/haftungsausschluss\/","title":{"rendered":"Haftungsausschluss"},"content":{"rendered":"<section class=\"l-section wpb_row height_medium color_alternate with_shape\"><div class=\"l-section-shape type_tilt pos_bottom\" style=\"height:15vmin;\"><svg xmlns=\"http:\/\/www.w3.org\/2000\/svg\" viewBox=\"0 0 64 8\" preserveAspectRatio=\"none\" width=\"100%\" height=\"100%\">\r\n\t<path fill=\"currentColor\" d=\"M64 7.9 L64 10 L0 10 L0 0 Z\"\/>\r\n<\/svg><\/div><div class=\"l-section-h i-cf\"><div class=\"g-cols vc_row via_grid cols_1 laptops-cols_inherit tablets-cols_inherit mobiles-cols_1 valign_top type_default stacking_default\"><div class=\"wpb_column vc_column_container\"><div class=\"vc_column-inner\">[vc_custom_heading text=&#8220;<strong>Haftungsausschluss<\/strong><br \/>\nrechtliche Informationen&#8220; font_container=&#8220;tag:h1|font_size:60|text_align:center&#8220; use_theme_fonts=&#8220;yes&#8220; css=&#8220;%7B%22default%22%3A%7B%22font-size%22%3A%2260%22%7D%7D&#8220;]<div class=\"w-iconbox iconpos_top style_default color_custom align_center no_text no_title\"><a href=\"#intro\" class=\"w-iconbox-link\" aria-label=\"fas|chevron-down\"><div class=\"w-iconbox-icon\" style=\"font-size:2rem;--icon-color:#ffffff;\"><i class=\"fas fa-chevron-down\"><\/i><\/div><\/a><div class=\"w-iconbox-meta\"><\/div><\/div><div class=\"w-separator size_medium\"><\/div><\/div><\/div><\/div><\/div><\/section><section class=\"l-section wpb_row height_medium\" id=\"intro\"><div class=\"l-section-h i-cf\"><div class=\"g-cols vc_row via_grid cols_1 laptops-cols_inherit tablets-cols_inherit mobiles-cols_1 valign_top type_default stacking_default\"><div class=\"wpb_column vc_column_container\"><div class=\"vc_column-inner\"><div class=\"wpb_text_column\"><div class=\"wpb_wrapper\"><h2>Haftungsausschluss<\/h2>\n<h4><strong>Allgemeines:<\/strong><\/h4>\n<p>Die auf dieser Website bereitgestellten Informationen wurden sorgf\u00e4ltig gepr\u00fcft und werden auch regelm\u00e4\u00dfig aktualisiert.<\/p>\n<p>Jedoch kann keine Haftung oder auch Garantie f\u00fcr zu jeder Zeit vollst\u00e4ndig richtige und am aktuellsten Stand dargebrachte Informationen \u00fcbernommen werden.<br \/>\nDies gilt vor allem f\u00fcr all jene Links von dieser Seite zu fremden\/anderen Websites auf die wir direkt aber auch indirekt verweisen.<\/p>\n<p>Jeder Benutzer nimmt ausdr\u00fccklich zur Kenntnis, dass auf der Website auch Inhalte ver\u00f6ffentlicht werden, f\u00fcr die ausschlie\u00dflich Partner von eurodata comesio GmbH verantwortlich sind.<\/p>\n<p>eurodata comesio GmbH verf\u00fcgt hinsichtlich dieser Inhalte \u00fcber keine Kontrollm\u00f6glichkeit. S\u00e4mtliche Angaben auf dieser Site k\u00f6nnen ohne Vorank\u00fcndigung ver\u00e4ndert, entfernt oder erg\u00e4nzt werden.<\/p>\n<p>Ohne ausdr\u00fccklicher Zustimmung bzw. Genehmigung ist es nicht gestattet den Inhalt\u00a0 zu ver\u00f6ffentlichen, zu ver\u00e4ndern oder an Dritte\u00a0 zu verteilen bzw. zu \u00fcbermitteln.<\/p>\n<h4><strong>Haftungsausschluss:<\/strong><\/h4>\n<p>Wir weisen die Benutzer dieser Seite darauf hin, dass sie diese Seite auf eigene Gefahr ben\u00fctzen.<\/p>\n<p>eurodata comesio GmbH\u00a0 wird nach bestem Wissen und Gewissen f\u00fcr die Richtigkeit der auf dieser Seite angegebenen Inhalte sorgen.<\/p>\n<p>Eine Haftung f\u00fcr die Richtigkeit s\u00e4mtlicher auf dieser Seite zur Verf\u00fcgung gestellten Nachrichten, Informationen und sonstigen Inhalte, insbesondere f\u00fcr Folgesch\u00e4den die durch unrichtige Daten verursacht wurden, wird jedoch seitens eurodata comesio GmbH ausgeschlossen.<\/p>\n<h4><strong>Haftungsausschluss f\u00fcr Links:<\/strong><\/h4>\n<p>Mit Urteil vom 19.12.2000 (4 Ob 274\/00y Haftung f\u00fcr Links auf Websites), hat der \u00f6sterreichische Oberste Gerichtshof entschieden, dass sich ein Linksetzer den Inhalt einer fremden Website als eigenen Inhalt zurechnen lassen muss und f\u00fcr diesen zu haften hat, soferne er sich deren Inhalt zu eigen macht.<\/p>\n<p>Wir machen uns die Inhalte Dritter, auf die mittels Links hingewiesen wird, NICHT zu eigen, und verwenden Links im Sinne eines Fundstellenverzeichnisses.<br \/>\nUm diesen Umstand zu unterstreichen, werden externe Links (sofern Ihr Browser diese M\u00f6glichkeit unterst\u00fctzt) in einem neuen Fenster ge\u00f6ffnet.<\/p>\n<p>Wir weisen ausdr\u00fccklich darauf hin, dass wir jegliche Verantwortung f\u00fcr diese Websites und die darauf enthaltenen Inhalte ausschlie\u00dfen.<\/p>\n<\/div><\/div><\/div><\/div><\/div><\/div><\/section>\n","protected":false},"excerpt":{"rendered":"[vc_custom_heading text=\"Haftungsausschluss rechtliche Informationen\" font_container=\"tag:h1|font_size:60|text_align:center\" use_theme_fonts=\"yes\" css=\"%7B%22default%22%3A%7B%22font-size%22%3A%2260%22%7D%7D\"]Haftungsausschluss Allgemeines: Die auf dieser Website bereitgestellten Informationen wurden sorgf\u00e4ltig gepr\u00fcft und werden auch regelm\u00e4\u00dfig aktualisiert. Jedoch kann keine Haftung oder auch Garantie f\u00fcr zu jeder Zeit vollst\u00e4ndig richtige und am aktuellsten Stand dargebrachte Informationen \u00fcbernommen werden. Dies gilt vor allem f\u00fcr all jene Links von dieser Seite zu...","protected":false},"author":1,"featured_media":0,"parent":0,"menu_order":12,"comment_status":"closed","ping_status":"closed","template":"","meta":{"footnotes":""},"class_list":["post-6529","page","type-page","status-publish","hentry"],"_links":{"self":[{"href":"https:\/\/www.comesio.com\/web\/wp-json\/wp\/v2\/pages\/6529","targetHints":{"allow":["GET"]}}],"collection":[{"href":"https:\/\/www.comesio.com\/web\/wp-json\/wp\/v2\/pages"}],"about":[{"href":"https:\/\/www.comesio.com\/web\/wp-json\/wp\/v2\/types\/page"}],"author":[{"embeddable":true,"href":"https:\/\/www.comesio.com\/web\/wp-json\/wp\/v2\/users\/1"}],"replies":[{"embeddable":true,"href":"https:\/\/www.comesio.com\/web\/wp-json\/wp\/v2\/comments?post=6529"}],"version-history":[{"count":7,"href":"https:\/\/www.comesio.com\/web\/wp-json\/wp\/v2\/pages\/6529\/revisions"}],"predecessor-version":[{"id":7572,"href":"https:\/\/www.comesio.com\/web\/wp-json\/wp\/v2\/pages\/6529\/revisions\/7572"}],"wp:attachment":[{"href":"https:\/\/www.comesio.com\/web\/wp-json\/wp\/v2\/media?parent=6529"}],"curies":[{"name":"wp","href":"https:\/\/api.w.org\/{rel}","templated":true}]}}