{"id":6419,"date":"2018-05-07T18:36:19","date_gmt":"2018-05-07T16:36:19","guid":{"rendered":"http:\/\/comesio.cchosting.at\/wordpress\/?page_id=6419"},"modified":"2023-06-28T14:47:06","modified_gmt":"2023-06-28T12:47:06","slug":"tableau","status":"publish","type":"page","link":"https:\/\/www.comesio.com\/web\/produkte\/tableau\/","title":{"rendered":"Tableau"},"content":{"rendered":"<section class=\"l-section wpb_row height_large color_alternate with_shape\"><div class=\"l-section-shape type_tilt pos_bottom\" style=\"height:15vmin;\"><svg xmlns=\"http:\/\/www.w3.org\/2000\/svg\" viewBox=\"0 0 64 8\" preserveAspectRatio=\"none\" width=\"100%\" height=\"100%\">\r\n\t<path fill=\"currentColor\" d=\"M64 7.9 L64 10 L0 10 L0 0 Z\"\/>\r\n<\/svg><\/div><div class=\"l-section-h i-cf\"><div class=\"g-cols vc_row via_grid cols_1 laptops-cols_inherit tablets-cols_inherit mobiles-cols_1 valign_top type_default stacking_default\"><div class=\"wpb_column vc_column_container\"><div class=\"vc_column-inner\">[vc_custom_heading text=&#8220;<strong>TABLEAU<\/strong><br \/>\nbusiness. analytics. interactive.&#8220; font_container=&#8220;tag:h1|font_size:60|text_align:center&#8220; use_theme_fonts=&#8220;yes&#8220; css=&#8220;%7B%22default%22%3A%7B%22font-size%22%3A%2260%22%7D%7D&#8220;]<div class=\"w-iconbox iconpos_top style_default color_custom align_center no_text no_title\"><a href=\"#intro\" class=\"w-iconbox-link\" aria-label=\"fas|chevron-down\"><div class=\"w-iconbox-icon\" style=\"font-size:2rem;--icon-color:#333333;\"><i class=\"fas fa-chevron-down\"><\/i><\/div><\/a><div class=\"w-iconbox-meta\"><\/div><\/div><div class=\"w-separator size_medium\"><\/div><\/div><\/div><\/div><\/div><\/section><section class=\"l-section wpb_row height_medium\" id=\"intro\"><div class=\"l-section-h i-cf\"><div class=\"g-cols vc_row via_grid cols_1 laptops-cols_inherit tablets-cols_inherit mobiles-cols_1 valign_top type_default stacking_default\"><div class=\"wpb_column vc_column_container\"><div class=\"vc_column-inner\"><div class=\"g-cols wpb_row via_grid cols_2 laptops-cols_inherit tablets-cols_inherit mobiles-cols_1 valign_middle type_default stacking_default\" style=\"--columns-gap:3rem;\"><div class=\"wpb_column vc_column_container\"><div class=\"vc_column-inner\"><div class=\"wpb_text_column\"><div class=\"wpb_wrapper\"><h2 style=\"text-align: left;\"><strong>Tableau<\/strong><\/h2>\n<\/div><\/div><div class=\"w-separator size_small\"><\/div><div class=\"wpb_text_column\"><div class=\"wpb_wrapper\"><p>Gro\u00dfe Unternehmen konnten sich bis jetzt gl\u00fccklich sch\u00e4tzen. Waren doch alle BI-Produkte ausgelegt auf das Big Enterprise Segment. Mit ihren gro\u00dfen Installationen, umst\u00e4ndlicher Bedienung, schulungsintensiven Programmen und auch mit der Ansiedelung im hochpreisigen Segment waren diese Produkte bis jetz f\u00fcr Klein- und Mittelbetriebe uninteressant. Aber das Rad der Zeit dreht sich und Tableau hat die Rufe der KMU\u2019s geh\u00f6rt!<\/p>\n<\/div><\/div><div class=\"w-separator size_small\"><\/div><div class=\"wpb_text_column\"><div class=\"wpb_wrapper\"><p><strong>Tableau<\/strong> hilft Ihnen Ihre Daten in Erkenntnisse zu wandeln. Egal wo Sie sind und welche Daten Sie ben\u00f6tigen. Tableau bietet Ihnen gr\u00f6\u00dfte Flexibilit\u00e4t. Per drag &amp; drop erstellen Sie interaktive Dashboards, die voll Visualisiert, Ihnen Einblicke und neue Erkenntnisse \u00fcber Ihre Firmendaten bietet. Auf diese Ergebnisse k\u00f6nnen Sie, gemeinsam mit Teamkollegen, zugreifen, oder Sie teilen Sie im Unternehmen.<\/p>\n<\/div><\/div><\/div><\/div><div class=\"wpb_column vc_column_container\"><div class=\"vc_column-inner\"><div class=\"w-image align_none\"><div class=\"w-image-h\"><img decoding=\"async\" width=\"1323\" height=\"845\" src=\"https:\/\/www.comesio.com\/web\/wp-content\/uploads\/2023\/06\/Products_TabDesktop_Exploration.png\" class=\"attachment-full size-full\" alt=\"\" loading=\"lazy\" srcset=\"https:\/\/www.comesio.com\/web\/wp-content\/uploads\/2023\/06\/Products_TabDesktop_Exploration.png 1323w, https:\/\/www.comesio.com\/web\/wp-content\/uploads\/2023\/06\/Products_TabDesktop_Exploration-300x192.png 300w, https:\/\/www.comesio.com\/web\/wp-content\/uploads\/2023\/06\/Products_TabDesktop_Exploration-1024x654.png 1024w, https:\/\/www.comesio.com\/web\/wp-content\/uploads\/2023\/06\/Products_TabDesktop_Exploration-600x383.png 600w, https:\/\/www.comesio.com\/web\/wp-content\/uploads\/2023\/06\/Products_TabDesktop_Exploration-768x491.png 768w\" sizes=\"auto, (max-width: 1323px) 100vw, 1323px\" \/><\/div><\/div><\/div><\/div><\/div><\/div><\/div><\/div><\/div><\/section><section class=\"l-section wpb_row us_custom_6bb6165e has_text_color height_small\" id=\"history\"><div class=\"l-section-h i-cf\"><div class=\"g-cols vc_row via_grid cols_1 laptops-cols_inherit tablets-cols_inherit mobiles-cols_1 valign_top type_default stacking_default\"><div class=\"wpb_column vc_column_container\"><div class=\"vc_column-inner\"><div class=\"w-actionbox color_primary controls_right\"><div class=\"w-actionbox-text\"><h2 class=\"w-actionbox-title\">Interesse? Kein Problem.<\/h2><div class=\"w-actionbox-description\"><p>Kontaktieren Sie uns. Unsere Experten helfen Ihnen zuverl\u00e4ssig weiter.<\/p>\n<\/div><\/div><div class=\"w-actionbox-controls\"><a class=\"w-btn us-btn-style_3\" title=\"Kontakt\" href=\"https:\/\/www.comesio.com\/web\/kontakt\/\" style=\"font-size:16px;\"><span class=\"w-btn-label\">Nachricht senden<\/span><\/a><\/div><\/div><\/div><\/div><\/div><\/div><\/section><section class=\"l-section wpb_row height_medium\"><div class=\"l-section-h i-cf\"><div class=\"g-cols vc_row via_grid cols_1 laptops-cols_inherit tablets-cols_inherit mobiles-cols_1 valign_top type_default stacking_default\"><div class=\"wpb_column vc_column_container\"><div class=\"vc_column-inner\"><div class=\"g-cols wpb_row via_grid cols_1 laptops-cols_inherit tablets-cols_inherit mobiles-cols_1 valign_top type_default stacking_default\" style=\"--columns-gap:3rem;\"><div class=\"wpb_column vc_column_container\"><div class=\"vc_column-inner\"><div class=\"wpb_text_column\"><div class=\"wpb_wrapper\"><h2 style=\"text-align: center;\"><strong>Tableau. <\/strong>Warum? Darum!<\/h2>\n<\/div><\/div><div class=\"w-separator size_small\"><\/div>[vc_custom_heading text=&#8220;Daten finden Sie \u00fcberall. Auf Ihrer Festplatte, am Server, im E-Mail, im Internet\u2026 Es ist oft schwer, diese Daten in einem Zusammenhang zu setzen, damit man das gro\u00dfe Ganze sieht. Mit Tableau k\u00f6nnen Sie Ihre Daten analysieren und aussagekr\u00e4ftige Dashboards bauen. Diese lassen sich einfach Visualisieren und stehen Ihrer kompetenten Interpretation voll zur Verf\u00fcgung.&#8220; font_container=&#8220;tag:p|font_size:22px|text_align:center|line_height:28px&#8220; use_theme_fonts=&#8220;yes&#8220; css=&#8220;%7B%22default%22%3A%7B%22font-size%22%3A%2222px%22%2C%22line-height%22%3A%2228px%22%7D%7D&#8220;]<\/div><\/div><\/div><div class=\"w-separator size_large\"><\/div><div class=\"g-cols wpb_row via_grid cols_2 laptops-cols_inherit tablets-cols_inherit mobiles-cols_1 valign_middle type_default stacking_default\" style=\"--columns-gap:3rem;\"><div class=\"wpb_column vc_column_container\"><div class=\"vc_column-inner\"><div class=\"w-iconbox iconpos_top style_outlined color_primary align_left\"><div class=\"w-iconbox-icon\" style=\"font-size:48px;\"><i class=\"fal fa-hand-scissors\"><\/i><\/div><div class=\"w-iconbox-meta\"><h4 class=\"w-iconbox-title\">Easy &amp; Intuitiv<\/h4><div class=\"w-iconbox-text\"><p>Mit Tableau haben Sie ein Werkzeug in der Hand, mit dem Sie von Anfang an arbeiten k\u00f6nnen. Es ist einfach und sehr intuitiv zu bedienen.<\/p>\n<\/div><\/div><\/div><\/div><\/div><div class=\"wpb_column vc_column_container\"><div class=\"vc_column-inner\"><div class=\"w-iconbox iconpos_top style_outlined color_primary align_left\"><div class=\"w-iconbox-icon\" style=\"font-size:48px;\"><i class=\"fal fa-users\"><\/i><\/div><div class=\"w-iconbox-meta\"><h4 class=\"w-iconbox-title\">F\u00fcr Klein &amp; Gro\u00df<\/h4><div class=\"w-iconbox-text\"><p>Tableau ist f\u00fcr alle da. Egal ob Sie ein Einzelk\u00e4mpfer sind oder aber 40 Angestellte haben. Mit Tableau analysieren und interpretieren Sie Ihre Daten sicher und einfach.<\/p>\n<\/div><\/div><\/div><\/div><\/div><\/div><\/div><\/div><\/div><\/div><\/section>\n","protected":false},"excerpt":{"rendered":"[vc_custom_heading text=\"TABLEAU business. analytics. interactive.\" font_container=\"tag:h1|font_size:60|text_align:center\" use_theme_fonts=\"yes\" css=\"%7B%22default%22%3A%7B%22font-size%22%3A%2260%22%7D%7D\"]Tableau Gro\u00dfe Unternehmen konnten sich bis jetzt gl\u00fccklich sch\u00e4tzen. Waren doch alle BI-Produkte ausgelegt auf das Big Enterprise Segment. Mit ihren gro\u00dfen Installationen, umst\u00e4ndlicher Bedienung, schulungsintensiven Programmen und auch mit der Ansiedelung im hochpreisigen Segment waren diese Produkte bis jetz f\u00fcr Klein- und Mittelbetriebe uninteressant. Aber das Rad...","protected":false},"author":1,"featured_media":0,"parent":1194,"menu_order":9,"comment_status":"closed","ping_status":"closed","template":"","meta":{"footnotes":""},"class_list":["post-6419","page","type-page","status-publish","hentry"],"_links":{"self":[{"href":"https:\/\/www.comesio.com\/web\/wp-json\/wp\/v2\/pages\/6419","targetHints":{"allow":["GET"]}}],"collection":[{"href":"https:\/\/www.comesio.com\/web\/wp-json\/wp\/v2\/pages"}],"about":[{"href":"https:\/\/www.comesio.com\/web\/wp-json\/wp\/v2\/types\/page"}],"author":[{"embeddable":true,"href":"https:\/\/www.comesio.com\/web\/wp-json\/wp\/v2\/users\/1"}],"replies":[{"embeddable":true,"href":"https:\/\/www.comesio.com\/web\/wp-json\/wp\/v2\/comments?post=6419"}],"version-history":[{"count":26,"href":"https:\/\/www.comesio.com\/web\/wp-json\/wp\/v2\/pages\/6419\/revisions"}],"predecessor-version":[{"id":7340,"href":"https:\/\/www.comesio.com\/web\/wp-json\/wp\/v2\/pages\/6419\/revisions\/7340"}],"up":[{"embeddable":true,"href":"https:\/\/www.comesio.com\/web\/wp-json\/wp\/v2\/pages\/1194"}],"wp:attachment":[{"href":"https:\/\/www.comesio.com\/web\/wp-json\/wp\/v2\/media?parent=6419"}],"curies":[{"name":"wp","href":"https:\/\/api.w.org\/{rel}","templated":true}]}}