{"id":6111,"date":"2018-03-05T15:44:26","date_gmt":"2018-03-05T14:44:26","guid":{"rendered":"http:\/\/comesio.cchosting.at\/wordpress\/?page_id=6111"},"modified":"2023-10-04T13:38:16","modified_gmt":"2023-10-04T11:38:16","slug":"training","status":"publish","type":"page","link":"https:\/\/www.comesio.com\/web\/services\/leistungen\/training\/","title":{"rendered":"IBM-Cognos Training"},"content":{"rendered":"<section class=\"l-section wpb_row height_medium color_alternate with_shape\"><div class=\"l-section-shape type_tilt pos_bottom\" style=\"height:15vmin;\"><svg xmlns=\"http:\/\/www.w3.org\/2000\/svg\" viewBox=\"0 0 64 8\" preserveAspectRatio=\"none\" width=\"100%\" height=\"100%\">\r\n\t<path fill=\"currentColor\" d=\"M64 7.9 L64 10 L0 10 L0 0 Z\"\/>\r\n<\/svg><\/div><div class=\"l-section-h i-cf\"><div class=\"g-cols vc_row via_grid cols_1 laptops-cols_inherit tablets-cols_inherit mobiles-cols_1 valign_top type_default stacking_default\"><div class=\"wpb_column vc_column_container\"><div class=\"vc_column-inner\">[vc_custom_heading text=&#8220;<strong>Lernen<\/strong> im Einklang<br \/>\nmit dem Arbeitsalltag&#8220; font_container=&#8220;tag:h1|text_align:center&#8220; use_theme_fonts=&#8220;yes&#8220; css=&#8220;%7B%22default%22%3A%7B%22font-size%22%3A%2260%22%7D%7D&#8220;]<div class=\"w-iconbox iconpos_top style_default color_custom align_center no_text no_title\"><a href=\"#intro\" class=\"w-iconbox-link\" aria-label=\"fas|chevron-down\"><div class=\"w-iconbox-icon\" style=\"font-size:2rem;--icon-color:#333333;\"><i class=\"fas fa-chevron-down\"><\/i><\/div><\/a><div class=\"w-iconbox-meta\"><\/div><\/div><div class=\"w-separator size_medium\"><\/div><\/div><\/div><\/div><\/div><\/section><section class=\"l-section wpb_row height_auto\" id=\"intro\"><div class=\"l-section-h i-cf\"><div class=\"g-cols vc_row via_grid cols_1 laptops-cols_inherit tablets-cols_inherit mobiles-cols_1 valign_top type_default stacking_default\"><div class=\"wpb_column vc_column_container\"><div class=\"vc_column-inner\"><div class=\"w-separator size_small\"><\/div><div class=\"g-cols wpb_row via_grid cols_1 laptops-cols_inherit tablets-cols_inherit mobiles-cols_1 valign_top type_default stacking_default\" style=\"--columns-gap:3rem;\"><div class=\"wpb_column vc_column_container\"><div class=\"vc_column-inner\">[vc_custom_heading text=&#8220;Es ist die entscheide Nasenl\u00e4nge Vorsprung, die ein Unternehmen erfolgreich macht. Neben einer ausgekl\u00fcgelten Gesch\u00e4ftsstrategie und guten Kenntnissen der wirtschaftlichen Rahmenbedingungen sind \u00fcberdurchschnittlich ausgebildete Mitarbeiter das Potential f\u00fcr das Unternehmenswachstum.&#8220; font_container=&#8220;tag:p|font_size:26px|text_align:center|line_height:32px&#8220; google_fonts=&#8220;font_family:Open%20Sans%20Condensed%3A300%2C300italic%2C700|font_style:300%20light%20regular%3A300%3Anormal&#8220; css=&#8220;%7B%22default%22%3A%7B%22font-size%22%3A%2222px%22%2C%22line-height%22%3A%2228px%22%7D%7D&#8220;]<\/div><\/div><\/div><div class=\"w-separator size_medium\"><\/div><\/div><\/div><\/div><\/div><\/section><section class=\"l-section wpb_row height_medium\"><div class=\"l-section-h i-cf\"><div class=\"g-cols vc_row via_grid cols_1 laptops-cols_inherit tablets-cols_inherit mobiles-cols_1 valign_top type_default stacking_default\"><div class=\"wpb_column vc_column_container\"><div class=\"vc_column-inner\"><div class=\"g-cols wpb_row via_grid cols_1-3-1 laptops-cols_inherit tablets-cols_inherit mobiles-cols_1 valign_middle type_default stacking_default\" style=\"--columns-gap:3rem;\"><div class=\"wpb_column vc_column_container\"><div class=\"vc_column-inner\"><\/div><\/div><div class=\"wpb_column vc_column_container\"><div class=\"vc_column-inner\">[vc_custom_heading text=&#8220;Drei verschiedene und bew\u00e4hrte Modelle bietet die Comesio an &#8211; dem Wunsch folgend, unseren Kunden das R\u00fcstzeug f\u00fcr die Autonomie und somit Unabh\u00e4ngigkeit im Umgang mit den IBM Cognos-Softwarepaketen zu geben:&#8220; font_container=&#8220;tag:p|font_size:18px|text_align:justify|line_height:22px&#8220; use_theme_fonts=&#8220;yes&#8220; css=&#8220;%7B%22default%22%3A%7B%22font-size%22%3A%2218px%22%2C%22line-height%22%3A%2222px%22%7D%7D&#8220;]<div class=\"w-separator size_small\"><\/div><div class=\"w-iconbox iconpos_left style_outlined color_primary align_left\"><div class=\"w-iconbox-icon\" style=\"font-size:22px;\"><i class=\"fal fa-chalkboard-teacher\"><\/i><\/div><div class=\"w-iconbox-meta\"><div class=\"w-iconbox-title\" style=\"font-size:22px;\">IBM Klassenraumtraining<\/div><div class=\"w-iconbox-text\"><p>Das klassische IBM Klassenraumtraining: hier kooperieren wir mit offiziellen IBM Global Training Partnern und entsenden unsere Trainer<\/p>\n<\/div><\/div><\/div><div class=\"w-separator size_custom\" style=\"height:32px\"><\/div><div class=\"w-iconbox iconpos_left style_outlined color_primary align_left\"><div class=\"w-iconbox-icon\" style=\"font-size:22px;\"><i class=\"fal fa-chalkboard\"><\/i><\/div><div class=\"w-iconbox-meta\"><div class=\"w-iconbox-title\" style=\"font-size:22px;\">Comesio Workshops<\/div><div class=\"w-iconbox-text\"><p>Ma\u00dfgeschneiderte Trainings in punkto Themen und Zeitressourcen &#8211; die ideale Firmenl\u00f6sung.<\/p>\n<\/div><\/div><\/div><div class=\"w-separator size_custom\" style=\"height:32px\"><\/div><div class=\"w-iconbox iconpos_left style_outlined color_primary align_left\"><div class=\"w-iconbox-icon\" style=\"font-size:22px;\"><i class=\"fal fa-network-wired\"><\/i><\/div><div class=\"w-iconbox-meta\"><div class=\"w-iconbox-title\" style=\"font-size:22px;\">E-Learning<\/div><div class=\"w-iconbox-text\"><p>Als erste Plattform bieten wir mit dem Comesio Trainingsportal deutschsprachige Video-Tutorials f\u00fcr Cognos an.<\/p>\n<\/div><\/div><\/div><\/div><\/div><div class=\"wpb_column vc_column_container\"><div class=\"vc_column-inner\"><\/div><\/div><\/div><\/div><\/div><\/div><\/div><\/section><section class=\"l-section wpb_row us_custom_6bb6165e has_text_color height_medium\"><div class=\"l-section-h i-cf\"><div class=\"g-cols vc_row via_grid cols_1 laptops-cols_inherit tablets-cols_inherit mobiles-cols_1 valign_top type_default stacking_default\"><div class=\"wpb_column vc_column_container\"><div class=\"vc_column-inner\"><div class=\"w-actionbox color_primary controls_right\"><div class=\"w-actionbox-text\"><h2 class=\"w-actionbox-title\">Trainingsportal<\/h2><div class=\"w-actionbox-description\"><p>Kennen Sie schon unser Trainingsportal? Nein? Dann bitten wir Sie um etwas Geduld.<br \/>\nWir arbeiten an der Fertigstellung einer Demoversion.<\/p>\n<\/div><\/div><div class=\"w-actionbox-controls\"><a class=\"w-btn us-btn-style_3\" style=\"font-size:16px\" target=\" _blank\" rel=\"nofollow\" href=\"#\"><span class=\"w-btn-label\">Bitte warten&#8230;<\/span><\/a><\/div><\/div><\/div><\/div><\/div><\/div><\/section>\n","protected":false},"excerpt":{"rendered":"[vc_custom_heading text=\"Lernen im Einklang mit dem Arbeitsalltag\" font_container=\"tag:h1|text_align:center\" use_theme_fonts=\"yes\" css=\"%7B%22default%22%3A%7B%22font-size%22%3A%2260%22%7D%7D\"][vc_custom_heading text=\"Es ist die entscheide Nasenl\u00e4nge Vorsprung, die ein Unternehmen erfolgreich macht. Neben einer ausgekl\u00fcgelten Gesch\u00e4ftsstrategie und guten Kenntnissen der wirtschaftlichen Rahmenbedingungen sind \u00fcberdurchschnittlich ausgebildete Mitarbeiter das Potential f\u00fcr das Unternehmenswachstum.\" font_container=\"tag:p|font_size:26px|text_align:center|line_height:32px\" google_fonts=\"font_family:Open%20Sans%20Condensed%3A300%2C300italic%2C700|font_style:300%20light%20regular%3A300%3Anormal\" css=\"%7B%22default%22%3A%7B%22font-size%22%3A%2222px%22%2C%22line-height%22%3A%2228px%22%7D%7D\"][vc_custom_heading text=\"Drei verschiedene und bew\u00e4hrte Modelle bietet die Comesio an - dem Wunsch...","protected":false},"author":1,"featured_media":0,"parent":6109,"menu_order":3,"comment_status":"closed","ping_status":"closed","template":"","meta":{"footnotes":""},"class_list":["post-6111","page","type-page","status-publish","hentry"],"_links":{"self":[{"href":"https:\/\/www.comesio.com\/web\/wp-json\/wp\/v2\/pages\/6111","targetHints":{"allow":["GET"]}}],"collection":[{"href":"https:\/\/www.comesio.com\/web\/wp-json\/wp\/v2\/pages"}],"about":[{"href":"https:\/\/www.comesio.com\/web\/wp-json\/wp\/v2\/types\/page"}],"author":[{"embeddable":true,"href":"https:\/\/www.comesio.com\/web\/wp-json\/wp\/v2\/users\/1"}],"replies":[{"embeddable":true,"href":"https:\/\/www.comesio.com\/web\/wp-json\/wp\/v2\/comments?post=6111"}],"version-history":[{"count":45,"href":"https:\/\/www.comesio.com\/web\/wp-json\/wp\/v2\/pages\/6111\/revisions"}],"predecessor-version":[{"id":7641,"href":"https:\/\/www.comesio.com\/web\/wp-json\/wp\/v2\/pages\/6111\/revisions\/7641"}],"up":[{"embeddable":true,"href":"https:\/\/www.comesio.com\/web\/wp-json\/wp\/v2\/pages\/6109"}],"wp:attachment":[{"href":"https:\/\/www.comesio.com\/web\/wp-json\/wp\/v2\/media?parent=6111"}],"curies":[{"name":"wp","href":"https:\/\/api.w.org\/{rel}","templated":true}]}}