{"id":6109,"date":"2018-03-05T15:44:05","date_gmt":"2018-03-05T14:44:05","guid":{"rendered":"http:\/\/comesio.cchosting.at\/wordpress\/?page_id=6109"},"modified":"2023-04-04T09:46:21","modified_gmt":"2023-04-04T07:46:21","slug":"leistungen","status":"publish","type":"page","link":"https:\/\/www.comesio.com\/web\/services\/leistungen\/","title":{"rendered":"Leistungen"},"content":{"rendered":"<section class=\"l-section wpb_row height_medium color_primary with_img parallax_hor bgwidth_120\"><div class=\"l-section-img\" role=\"img\" aria-label=\"Bild\" data-img-width=\"2480\" data-img-height=\"671\" style=\"background-image: url(https:\/\/www.comesio.com\/web\/wp-content\/uploads\/2018\/03\/slider-2.jpg);\"><\/div><div class=\"l-section-overlay\" style=\"background:rgba(30,30,30,0.81)\"><\/div><div class=\"l-section-h i-cf\"><div class=\"g-cols vc_row via_grid cols_1 laptops-cols_inherit tablets-cols_inherit mobiles-cols_1 valign_top type_default stacking_default\"><div class=\"wpb_column vc_column_container\"><div class=\"vc_column-inner\">[vc_custom_heading text=&#8220;<strong>Leistungen<\/strong><br \/>\nbusiness. integration. cluster&#8220; font_container=&#8220;tag:h1|font_size:60|text_align:center&#8220; use_theme_fonts=&#8220;yes&#8220; css=&#8220;%7B%22default%22%3A%7B%22font-size%22%3A%2260%22%7D%7D&#8220;]<div class=\"w-iconbox iconpos_top style_default color_custom align_center no_text no_title\"><a href=\"#intro\" class=\"w-iconbox-link\" aria-label=\"fas|chevron-down\"><div class=\"w-iconbox-icon\" style=\"font-size:2rem;--icon-color:#ffffff;\"><i class=\"fas fa-chevron-down\"><\/i><\/div><\/a><div class=\"w-iconbox-meta\"><\/div><\/div><div class=\"w-separator size_medium\"><\/div><\/div><\/div><\/div><\/div><\/section><section class=\"l-section wpb_row height_auto\" id=\"intro\"><div class=\"l-section-h i-cf\"><div class=\"g-cols vc_row via_grid cols_1 laptops-cols_inherit tablets-cols_inherit mobiles-cols_1 valign_top type_default stacking_default\"><div class=\"wpb_column vc_column_container\"><div class=\"vc_column-inner\"><div class=\"w-separator size_large\"><\/div><div class=\"g-cols wpb_row via_grid cols_1 laptops-cols_inherit tablets-cols_inherit mobiles-cols_1 valign_top type_default stacking_default\" style=\"--columns-gap:3rem;\"><div class=\"wpb_column vc_column_container\"><div class=\"vc_column-inner\"><div class=\"wpb_text_column\"><div class=\"wpb_wrapper\"><h2 style=\"text-align: center;\"><strong>Leistungen<\/strong> &#8211; was wir bieten<\/h2>\n<\/div><\/div><div class=\"w-separator size_small\"><\/div>[vc_custom_heading text=&#8220;Bedarfsgerechte L\u00f6sungen sind unser Ziel.<br \/>\nUnsere zumeist langj\u00e4hrigen Kunden sch\u00e4tzen und n\u00fctzen unsere Angebotspalette.&#8220; font_container=&#8220;tag:p|font_size:22px|text_align:center|line_height:30px&#8220; use_theme_fonts=&#8220;yes&#8220; css=&#8220;%7B%22default%22%3A%7B%22font-size%22%3A%2222px%22%2C%22line-height%22%3A%2228px%22%7D%7D&#8220;]<\/div><\/div><\/div><\/div><\/div><\/div><\/div><\/section><section class=\"l-section wpb_row height_auto\"><div class=\"l-section-h i-cf\"><div class=\"g-cols vc_row via_grid cols_1 laptops-cols_inherit tablets-cols_inherit mobiles-cols_1 valign_top type_default stacking_default\"><div class=\"wpb_column vc_column_container\"><div class=\"vc_column-inner\"><div class=\"w-separator size_large\"><\/div><div class=\"g-cols wpb_row via_grid cols_2 laptops-cols_inherit tablets-cols_inherit mobiles-cols_1 valign_middle type_default stacking_default\" style=\"--columns-gap:3rem;\"><div class=\"wpb_column vc_column_container\"><div class=\"vc_column-inner\"><div class=\"wpb_text_column\"><div class=\"wpb_wrapper\"><p>Wir freuen uns, Ihnen unser <span style=\"color: #821257;\"><strong>umfangreiches Leistungsspektrum<\/strong> <\/span>vorstellen zu d\u00fcrfen, das Ihnen helfen wird, Ihr Unternehmen erfolgreicher zu machen.<\/p>\n<\/div><\/div><div class=\"w-separator size_small\"><\/div><div class=\"w-progbar initial us_custom_8b292b33 has_text_color style_1 color_primary\" onclick='return {&quot;template&quot;:&quot;100%&quot;,&quot;value&quot;:&quot;100&quot;,&quot;finalValue&quot;:&quot;100&quot;}'><h4 class=\"w-progbar-title\" style=\"font-size:1rem;\"><span class=\"w-progbar-title-text\">Lizenzverkauf<\/span><span class=\"w-progbar-title-count\">100%<\/span><\/h4><div class=\"w-progbar-bar\"><div class=\"w-progbar-bar-h\" style=\"height:10px;\"><span class=\"w-progbar-bar-count\">100%<\/span><\/div><\/div><\/div><div class=\"wpb_text_column\"><div class=\"wpb_wrapper\"><p>Als Partner von f\u00fchrenden Softwareanbietern bieten wir Ihnen den Verkauf von Lizenzen an, damit Sie Ihre IT-Infrastruktur effektiv und wirtschaftlich betreiben k\u00f6nnen.<\/p>\n<\/div><\/div><div class=\"w-separator size_small\"><\/div><div class=\"w-progbar initial us_custom_ccb702f2 has_text_color style_1 color_secondary\" onclick='return {&quot;template&quot;:&quot;100%&quot;,&quot;value&quot;:&quot;100&quot;,&quot;finalValue&quot;:&quot;100&quot;}'><h6 class=\"w-progbar-title\" style=\"font-size:1rem;\"><span class=\"w-progbar-title-text\">Projektmanagement<\/span><span class=\"w-progbar-title-count\">100%<\/span><\/h6><div class=\"w-progbar-bar\"><div class=\"w-progbar-bar-h\" style=\"height:10px;\"><span class=\"w-progbar-bar-count\">100%<\/span><\/div><\/div><\/div><div class=\"wpb_text_column\"><div class=\"wpb_wrapper\"><p>Wir begleiten Sie von Anfang an bei der Umsetzung Ihrer IT-Projekte. Unsere erfahrenen Projektmanager unterst\u00fctzen Sie bei der Planung, Durchf\u00fchrung und Kontrolle Ihres Projekts und sorgen daf\u00fcr, dass Ihre Ziele termingerecht und budgetkonform erreicht werden.<\/p>\n<\/div><\/div><div class=\"w-separator size_small\"><\/div><div class=\"w-progbar initial us_custom_ccb702f2 has_text_color style_1 color_primary\" onclick='return {&quot;template&quot;:&quot;100%&quot;,&quot;value&quot;:&quot;100&quot;,&quot;finalValue&quot;:&quot;100&quot;}'><h6 class=\"w-progbar-title\" style=\"font-size:1rem;\"><span class=\"w-progbar-title-text\">Implementierung<\/span><span class=\"w-progbar-title-count\">100%<\/span><\/h6><div class=\"w-progbar-bar\"><div class=\"w-progbar-bar-h\" style=\"height:10px;\"><span class=\"w-progbar-bar-count\">100%<\/span><\/div><\/div><\/div><div class=\"wpb_text_column\"><div class=\"wpb_wrapper\"><p>Wir \u00fcbernehmen die Implementierung Ihrer IT-L\u00f6sungen und stellen sicher, dass diese nahtlos in Ihre bestehende IT-Infrastruktur integriert werden.<\/p>\n<\/div><\/div><div class=\"w-separator size_small\"><\/div><div class=\"w-progbar initial us_custom_ccb702f2 has_text_color style_1 color_secondary\" onclick='return {&quot;template&quot;:&quot;100%&quot;,&quot;value&quot;:&quot;100&quot;,&quot;finalValue&quot;:&quot;100&quot;}'><h6 class=\"w-progbar-title\" style=\"font-size:1rem;\"><span class=\"w-progbar-title-text\">Technischer Support<\/span><span class=\"w-progbar-title-count\">100%<\/span><\/h6><div class=\"w-progbar-bar\"><div class=\"w-progbar-bar-h\" style=\"height:10px;\"><span class=\"w-progbar-bar-count\">100%<\/span><\/div><\/div><\/div><div class=\"wpb_text_column\"><div class=\"wpb_wrapper\"><p>Unsere Techniker stehen Ihnen zur Seite, wenn es um den Support Ihrer IT-Systeme geht. Wir bieten Ihnen einen professionellen und schnellen Support per Telefon, E-Mail oder Fernwartung, um Ausfallzeiten zu minimieren und die Verf\u00fcgbarkeit Ihrer Systeme zu gew\u00e4hrleisten.<\/p>\n<\/div><\/div><div class=\"w-separator size_small\"><\/div><div class=\"w-progbar initial us_custom_ccb702f2 has_text_color style_1 color_primary\" onclick='return {&quot;template&quot;:&quot;100%&quot;,&quot;value&quot;:&quot;100&quot;,&quot;finalValue&quot;:&quot;100&quot;}'><h6 class=\"w-progbar-title\" style=\"font-size:1rem;\"><span class=\"w-progbar-title-text\">Beratung und Schulung<\/span><span class=\"w-progbar-title-count\">100%<\/span><\/h6><div class=\"w-progbar-bar\"><div class=\"w-progbar-bar-h\" style=\"height:10px;\"><span class=\"w-progbar-bar-count\">100%<\/span><\/div><\/div><\/div><div class=\"wpb_text_column\"><div class=\"wpb_wrapper\"><p>Wir beraten Sie umfassend bei allen Fragen rund um die IT und unterst\u00fctzen Sie bei der Auswahl der passenden Technologien und L\u00f6sungen. Dar\u00fcber hinaus bieten wir Ihnen individuelle Schulungen an, um Ihre Mitarbeiter fit f\u00fcr den Umgang mit neuen IT-L\u00f6sungen zu machen.<\/p>\n<\/div><\/div><div class=\"w-separator size_small\"><\/div><div class=\"w-progbar initial us_custom_ccb702f2 has_text_color style_1 color_secondary\" onclick='return {&quot;template&quot;:&quot;100%&quot;,&quot;value&quot;:&quot;100&quot;,&quot;finalValue&quot;:&quot;100&quot;}'><h6 class=\"w-progbar-title\" style=\"font-size:1rem;\"><span class=\"w-progbar-title-text\">Betrieb<\/span><span class=\"w-progbar-title-count\">100%<\/span><\/h6><div class=\"w-progbar-bar\"><div class=\"w-progbar-bar-h\" style=\"height:10px;\"><span class=\"w-progbar-bar-count\">100%<\/span><\/div><\/div><\/div><div class=\"wpb_text_column\"><div class=\"wpb_wrapper\"><p>Wir \u00fcbernehmen den Betrieb Ihrer IT-Infrastruktur und sorgen daf\u00fcr, dass Ihre Systeme stets auf dem neuesten Stand sind und einwandfrei funktionieren. Damit haben Sie mehr Zeit, sich auf Ihr Kerngesch\u00e4ft zu konzentrieren.<\/p>\n<\/div><\/div><\/div><\/div><div class=\"wpb_column vc_column_container\"><div class=\"vc_column-inner\"><div class=\"w-image align_center\"><div class=\"w-image-h\"><img decoding=\"async\" width=\"600\" height=\"900\" src=\"https:\/\/www.comesio.com\/web\/wp-content\/uploads\/2018\/05\/Thomas-Kolomaznik-600x900.png\" class=\"attachment-us_600_0 size-us_600_0\" alt=\"\" loading=\"lazy\" srcset=\"https:\/\/www.comesio.com\/web\/wp-content\/uploads\/2018\/05\/Thomas-Kolomaznik-600x900.png 600w, https:\/\/www.comesio.com\/web\/wp-content\/uploads\/2018\/05\/Thomas-Kolomaznik-200x300.png 200w, https:\/\/www.comesio.com\/web\/wp-content\/uploads\/2018\/05\/Thomas-Kolomaznik.png 683w\" sizes=\"auto, (max-width: 600px) 100vw, 600px\" \/><\/div><\/div><\/div><\/div><\/div><div class=\"w-separator size_small\"><\/div><\/div><\/div><\/div><\/div><\/section><section class=\"l-section wpb_row us_custom_6bb6165e has_text_color height_small\" id=\"history\"><div class=\"l-section-h i-cf\"><div class=\"g-cols vc_row via_grid cols_1 laptops-cols_inherit tablets-cols_inherit mobiles-cols_1 valign_top type_default stacking_default\"><div class=\"wpb_column vc_column_container\"><div class=\"vc_column-inner\"><div class=\"w-actionbox color_primary controls_right\"><div class=\"w-actionbox-text\"><h2 class=\"w-actionbox-title\">Interesse? Kein Problem.<\/h2><div class=\"w-actionbox-description\"><p>Kontaktieren Sie uns. Unsere Experten helfen Ihnen zuverl\u00e4ssig weiter.<\/p>\n<\/div><\/div><div class=\"w-actionbox-controls\"><a class=\"w-btn us-btn-style_3\" href=\"\/kontakt\" style=\"font-size:16px;\"><span class=\"w-btn-label\">Nachricht senden<\/span><\/a><\/div><\/div><\/div><\/div><\/div><\/div><\/section>\n","protected":false},"excerpt":{"rendered":"[vc_custom_heading text=\"Leistungen business. integration. cluster\" font_container=\"tag:h1|font_size:60|text_align:center\" use_theme_fonts=\"yes\" css=\"%7B%22default%22%3A%7B%22font-size%22%3A%2260%22%7D%7D\"]Leistungen &#8211; was wir bieten [vc_custom_heading text=\"Bedarfsgerechte L\u00f6sungen sind unser Ziel. Unsere zumeist langj\u00e4hrigen Kunden sch\u00e4tzen und n\u00fctzen unsere Angebotspalette.\" font_container=\"tag:p|font_size:22px|text_align:center|line_height:30px\" use_theme_fonts=\"yes\" css=\"%7B%22default%22%3A%7B%22font-size%22%3A%2222px%22%2C%22line-height%22%3A%2228px%22%7D%7D\"]Wir freuen uns, Ihnen unser umfangreiches Leistungsspektrum vorstellen zu d\u00fcrfen, das Ihnen helfen wird, Ihr Unternehmen erfolgreicher zu machen. Lizenzverkauf100%100%Als Partner von f\u00fchrenden Softwareanbietern bieten wir...","protected":false},"author":1,"featured_media":0,"parent":15,"menu_order":1,"comment_status":"closed","ping_status":"closed","template":"","meta":{"footnotes":""},"class_list":["post-6109","page","type-page","status-publish","hentry"],"_links":{"self":[{"href":"https:\/\/www.comesio.com\/web\/wp-json\/wp\/v2\/pages\/6109","targetHints":{"allow":["GET"]}}],"collection":[{"href":"https:\/\/www.comesio.com\/web\/wp-json\/wp\/v2\/pages"}],"about":[{"href":"https:\/\/www.comesio.com\/web\/wp-json\/wp\/v2\/types\/page"}],"author":[{"embeddable":true,"href":"https:\/\/www.comesio.com\/web\/wp-json\/wp\/v2\/users\/1"}],"replies":[{"embeddable":true,"href":"https:\/\/www.comesio.com\/web\/wp-json\/wp\/v2\/comments?post=6109"}],"version-history":[{"count":36,"href":"https:\/\/www.comesio.com\/web\/wp-json\/wp\/v2\/pages\/6109\/revisions"}],"predecessor-version":[{"id":7146,"href":"https:\/\/www.comesio.com\/web\/wp-json\/wp\/v2\/pages\/6109\/revisions\/7146"}],"up":[{"embeddable":true,"href":"https:\/\/www.comesio.com\/web\/wp-json\/wp\/v2\/pages\/15"}],"wp:attachment":[{"href":"https:\/\/www.comesio.com\/web\/wp-json\/wp\/v2\/media?parent=6109"}],"curies":[{"name":"wp","href":"https:\/\/api.w.org\/{rel}","templated":true}]}}