{"id":6103,"date":"2018-03-05T15:43:25","date_gmt":"2018-03-05T14:43:25","guid":{"rendered":"http:\/\/comesio.cchosting.at\/wordpress\/?page_id=6103"},"modified":"2023-10-04T13:54:33","modified_gmt":"2023-10-04T11:54:33","slug":"ibm-cognos-tm1","status":"publish","type":"page","link":"https:\/\/www.comesio.com\/web\/produkte\/ibm-cognos-tm1\/","title":{"rendered":"IBM Cognos TM1"},"content":{"rendered":"<section class=\"l-section wpb_row height_medium color_alternate with_shape\"><div class=\"l-section-shape type_tilt pos_bottom\" style=\"height:15vmin;\"><svg xmlns=\"http:\/\/www.w3.org\/2000\/svg\" viewBox=\"0 0 64 8\" preserveAspectRatio=\"none\" width=\"100%\" height=\"100%\">\r\n\t<path fill=\"currentColor\" d=\"M64 7.9 L64 10 L0 10 L0 0 Z\"\/>\r\n<\/svg><\/div><div class=\"l-section-h i-cf\"><div class=\"g-cols vc_row via_grid cols_1 laptops-cols_inherit tablets-cols_inherit mobiles-cols_1 valign_top type_default stacking_default\"><div class=\"wpb_column vc_column_container\"><div class=\"vc_column-inner\">[vc_custom_heading text=&#8220;<strong>IBM Cognos TM1<\/strong><br \/>\nplanung. analyse. reporting.&#8220; font_container=&#8220;tag:h1|text_align:center&#8220; use_theme_fonts=&#8220;yes&#8220; css=&#8220;%7B%22default%22%3A%7B%22font-size%22%3A%2260%22%7D%7D&#8220;]<div class=\"w-iconbox iconpos_top style_default color_custom align_center no_text no_title\"><a href=\"#intro\" class=\"w-iconbox-link\" aria-label=\"fas|chevron-down\"><div class=\"w-iconbox-icon\" style=\"font-size:2rem;--icon-color:#333333;\"><i class=\"fas fa-chevron-down\"><\/i><\/div><\/a><div class=\"w-iconbox-meta\"><\/div><\/div><div class=\"w-separator size_medium\"><\/div><\/div><\/div><\/div><\/div><\/section><section class=\"l-section wpb_row height_auto\" id=\"intro\"><div class=\"l-section-h i-cf\"><div class=\"g-cols vc_row via_grid cols_1 laptops-cols_inherit tablets-cols_inherit mobiles-cols_1 valign_top type_default stacking_default\"><div class=\"wpb_column vc_column_container\"><div class=\"vc_column-inner\"><div class=\"w-separator size_large\"><\/div><div class=\"g-cols wpb_row via_grid cols_1 laptops-cols_inherit tablets-cols_inherit mobiles-cols_1 valign_top type_default stacking_default\" style=\"--columns-gap:3rem;\"><div class=\"wpb_column vc_column_container\"><div class=\"vc_column-inner\"><div class=\"wpb_text_column\"><div class=\"wpb_wrapper\"><h2 style=\"text-align: center;\"><strong>IBM Cognos TM1<\/strong><\/h2>\n<\/div><\/div><div class=\"w-separator size_small\"><\/div>[vc_custom_heading text=&#8220;IBM Cognos TM1 stellt eine umfassende, dynamische Planungs-, Analyse- und Reporting-Umgebung f\u00fcr das unternehmensweite Leistungsmanagement auf Basis von Finanzdaten zur Verf\u00fcgung, um Planung, Vorhersage und Controlling effektiv sicherzustellen. W\u00e4hrend Ihrer Planungsphase sind Sie in der Lage, individuelle Alternativen zu erzeugen, diese im Team zu bearbeiten und zu bewerten, um danach die aussichtsreichsten Varianten f\u00fcr Ihre Entscheidung zu nutzen.&#8220; font_container=&#8220;tag:p|font_size:22px|text_align:center|line_height:28px&#8220; use_theme_fonts=&#8220;yes&#8220; css=&#8220;%7B%22default%22%3A%7B%22font-size%22%3A%2222px%22%2C%22line-height%22%3A%2228px%22%7D%7D&#8220;]<\/div><\/div><\/div><div class=\"w-separator size_large\"><\/div><\/div><\/div><\/div><\/div><\/section><section class=\"l-section wpb_row us_custom_6bb6165e has_text_color height_small\" id=\"history\"><div class=\"l-section-h i-cf\"><div class=\"g-cols vc_row via_grid cols_1 laptops-cols_inherit tablets-cols_inherit mobiles-cols_1 valign_top type_default stacking_default\"><div class=\"wpb_column vc_column_container\"><div class=\"vc_column-inner\"><div class=\"w-actionbox color_primary controls_right\"><div class=\"w-actionbox-text\"><h2 class=\"w-actionbox-title\">Interesse? Kein Problem.<\/h2><div class=\"w-actionbox-description\"><p>Kontaktieren Sie uns. Unsere Experten helfen Ihnen zuverl\u00e4ssig weiter.<\/p>\n<\/div><\/div><div class=\"w-actionbox-controls\"><a class=\"w-btn us-btn-style_3\" href=\"mailto:office@comesio.com\" style=\"font-size:16px;\"><span class=\"w-btn-label\">Nachricht senden<\/span><\/a><\/div><\/div><\/div><\/div><\/div><\/div><\/section><section class=\"l-section wpb_row height_medium\"><div class=\"l-section-h i-cf\"><div class=\"g-cols vc_row via_grid cols_1 laptops-cols_inherit tablets-cols_inherit mobiles-cols_1 valign_top type_default stacking_default\"><div class=\"wpb_column vc_column_container\"><div class=\"vc_column-inner\"><div class=\"g-cols wpb_row via_grid cols_1 laptops-cols_inherit tablets-cols_inherit mobiles-cols_1 valign_top type_default stacking_default\" style=\"--columns-gap:3rem;\"><div class=\"wpb_column vc_column_container\"><div class=\"vc_column-inner\"><div class=\"wpb_text_column\"><div class=\"wpb_wrapper\"><h2 style=\"text-align: center;\"><strong>IBM Cognos TM1.<\/strong> Warum? Darum!<\/h2>\n<\/div><\/div><\/div><\/div><\/div><div class=\"w-separator size_large\"><\/div><div class=\"g-cols wpb_row via_grid cols_2 laptops-cols_inherit tablets-cols_inherit mobiles-cols_1 valign_top type_default stacking_default\" style=\"--columns-gap:3rem;\"><div class=\"wpb_column vc_column_container\"><div class=\"vc_column-inner\"><div class=\"w-iconbox iconpos_top style_outlined color_primary align_left\"><div class=\"w-iconbox-icon\" style=\"font-size:48px;\"><i class=\"fal fa-percent\"><\/i><\/div><div class=\"w-iconbox-meta\"><h4 class=\"w-iconbox-title\">Aussagekr\u00e4ftigeAnalysen<\/h4><div class=\"w-iconbox-text\"><p>Mit den umfassenden Analysefunktionen von IBM Cognos TM1 \u00fcberpr\u00fcfen Sie laufend Ihre Vorgaben \u2013 auf Basis essentieller Anforderungen Ihrer Organisation \u2013 durch einen faktenbasierten Planungsansatz. Beliebige individuelle Szenarien k\u00f6nnen eingepflegt und weitergeleitet werden. Die 64-Bit-OLAP-Technologie erm\u00f6glicht selbst die schwierigsten, multidimensionalen Analyseanforderungen gr\u00f6\u00dfter Unternehmen zu l\u00f6sen. Auch variable, aber stets aktuelle Datenstr\u00f6me k\u00f6nnen in k\u00fcrzester Zeit analysiert und bei Bedarf bis in die Detailebene untersucht werden. Ihre Entscheidungsfindung basiert mit IBM Cognos TM1 somit auf genauesten Werten und unumst\u00f6\u00dflichen Fakten.<\/p>\n<\/div><\/div><\/div><\/div><\/div><div class=\"wpb_column vc_column_container\"><div class=\"vc_column-inner\"><div class=\"w-iconbox iconpos_top style_outlined color_primary align_left\"><div class=\"w-iconbox-icon\" style=\"font-size:48px;\"><i class=\"fal fa-window-restore\"><\/i><\/div><div class=\"w-iconbox-meta\"><h4 class=\"w-iconbox-title\">Leistungsstarke Modellierungsumgebung<\/h4><div class=\"w-iconbox-text\"><p>In IBM Cognos TM1 sind alle notwendigen Komponenten f\u00fcr die effektive Bereitstellung einer hoch performanten Modellierungsumgebung voll integriert. Es passt sich an individuelle Planungs- und Prognoseprozesse an. Bew\u00e4hrte Verfahren wie beispielsweise \u201eDriver-Based-Planning\u201c oder \u201eRolling Forecast\u201c k\u00f6nnen ber\u00fccksichtigt werden, ohne jedoch auf die notwendige Unabh\u00e4ngigkeit zu verzichten. Gesch\u00e4ftsmodelle und Gesch\u00e4ftsregeln werden ganz nach Ihrem Bedarf entwickelt, erforderliche Sicherheitsstandards f\u00fcr Qualit\u00e4t und Integrit\u00e4t der Daten individuell definiert.<\/p>\n<\/div><\/div><\/div><\/div><\/div><\/div><div class=\"w-separator size_large\"><\/div><div class=\"g-cols wpb_row via_grid cols_2 laptops-cols_inherit tablets-cols_inherit mobiles-cols_1 valign_top type_default stacking_default\" style=\"--columns-gap:3rem;\"><div class=\"wpb_column vc_column_container\"><div class=\"vc_column-inner\"><div class=\"w-iconbox iconpos_top style_outlined color_primary align_left\"><div class=\"w-iconbox-icon\" style=\"font-size:48px;\"><i class=\"fal fa-paper-plane\"><\/i><\/div><div class=\"w-iconbox-meta\"><h4 class=\"w-iconbox-title\">Perfekte Anbindung<\/h4><div class=\"w-iconbox-text\"><p>Dank der ausgekl\u00fcgelten Tools von IBM Cognos TM1 ist die Einbindung von beliebigen Data Warehouses ein Kinderspiel. Datenimport, Metadatenmanagement und andere Aufgaben k\u00f6nnen auch automatisiert werden.<\/p>\n<\/div><\/div><\/div><\/div><\/div><div class=\"wpb_column vc_column_container\"><div class=\"vc_column-inner\"><div class=\"w-iconbox iconpos_top style_outlined color_primary align_left\"><div class=\"w-iconbox-icon\" style=\"font-size:48px;\"><i class=\"fal fa-user\"><\/i><\/div><div class=\"w-iconbox-meta\"><h4 class=\"w-iconbox-title\">Herausragende Usability<\/h4><div class=\"w-iconbox-text\"><p>Planungsaktivit\u00e4ten und umfassende Ad-hoc-Analysen k\u00f6nnen ohne Programmiererfahrung entweder in Excel oder in der Web-Anwendung des IBM Cognos TM1 Contributor durchgef\u00fchrt werden.<\/p>\n<\/div><\/div><\/div><\/div><\/div><\/div><\/div><\/div><\/div><\/div><\/section>\n","protected":false},"excerpt":{"rendered":"[vc_custom_heading text=\"IBM Cognos TM1 planung. analyse. reporting.\" font_container=\"tag:h1|text_align:center\" use_theme_fonts=\"yes\" css=\"%7B%22default%22%3A%7B%22font-size%22%3A%2260%22%7D%7D\"]IBM Cognos TM1 [vc_custom_heading text=\"IBM Cognos TM1 stellt eine umfassende, dynamische Planungs-, Analyse- und Reporting-Umgebung f\u00fcr das unternehmensweite Leistungsmanagement auf Basis von Finanzdaten zur Verf\u00fcgung, um Planung, Vorhersage und Controlling effektiv sicherzustellen. W\u00e4hrend Ihrer Planungsphase sind Sie in der Lage, individuelle Alternativen zu erzeugen, diese im...","protected":false},"author":1,"featured_media":0,"parent":1194,"menu_order":4,"comment_status":"closed","ping_status":"closed","template":"","meta":{"footnotes":""},"class_list":["post-6103","page","type-page","status-publish","hentry"],"_links":{"self":[{"href":"https:\/\/www.comesio.com\/web\/wp-json\/wp\/v2\/pages\/6103","targetHints":{"allow":["GET"]}}],"collection":[{"href":"https:\/\/www.comesio.com\/web\/wp-json\/wp\/v2\/pages"}],"about":[{"href":"https:\/\/www.comesio.com\/web\/wp-json\/wp\/v2\/types\/page"}],"author":[{"embeddable":true,"href":"https:\/\/www.comesio.com\/web\/wp-json\/wp\/v2\/users\/1"}],"replies":[{"embeddable":true,"href":"https:\/\/www.comesio.com\/web\/wp-json\/wp\/v2\/comments?post=6103"}],"version-history":[{"count":25,"href":"https:\/\/www.comesio.com\/web\/wp-json\/wp\/v2\/pages\/6103\/revisions"}],"predecessor-version":[{"id":7650,"href":"https:\/\/www.comesio.com\/web\/wp-json\/wp\/v2\/pages\/6103\/revisions\/7650"}],"up":[{"embeddable":true,"href":"https:\/\/www.comesio.com\/web\/wp-json\/wp\/v2\/pages\/1194"}],"wp:attachment":[{"href":"https:\/\/www.comesio.com\/web\/wp-json\/wp\/v2\/media?parent=6103"}],"curies":[{"name":"wp","href":"https:\/\/api.w.org\/{rel}","templated":true}]}}