{"id":6102,"date":"2018-03-05T15:43:13","date_gmt":"2018-03-05T14:43:13","guid":{"rendered":"http:\/\/comesio.cchosting.at\/wordpress\/?page_id=6102"},"modified":"2023-10-04T13:53:54","modified_gmt":"2023-10-04T11:53:54","slug":"ibm-cognos-bi","status":"publish","type":"page","link":"https:\/\/www.comesio.com\/web\/produkte\/ibm-cognos-bi\/","title":{"rendered":"IBM Cognos BI"},"content":{"rendered":"<section class=\"l-section wpb_row height_medium color_alternate with_shape\"><div class=\"l-section-shape type_tilt pos_bottom\" style=\"height:15vmin;\"><svg xmlns=\"http:\/\/www.w3.org\/2000\/svg\" viewBox=\"0 0 64 8\" preserveAspectRatio=\"none\" width=\"100%\" height=\"100%\">\r\n\t<path fill=\"currentColor\" d=\"M64 7.9 L64 10 L0 10 L0 0 Z\"\/>\r\n<\/svg><\/div><div class=\"l-section-h i-cf\"><div class=\"g-cols vc_row via_grid cols_1 laptops-cols_inherit tablets-cols_inherit mobiles-cols_1 valign_top type_default stacking_default\"><div class=\"wpb_column vc_column_container\"><div class=\"vc_column-inner\">[vc_custom_heading text=&#8220;<strong>IBM Cognos BI<\/strong><br \/>\nbusiness. intelligence. tool.&#8220; font_container=&#8220;tag:h1|text_align:center&#8220; use_theme_fonts=&#8220;yes&#8220; css=&#8220;%7B%22default%22%3A%7B%22font-size%22%3A%2260%22%7D%7D&#8220;]<div class=\"w-iconbox iconpos_top style_default color_custom align_center no_text no_title\"><a href=\"#intro\" class=\"w-iconbox-link\" aria-label=\"fas|chevron-down\"><div class=\"w-iconbox-icon\" style=\"font-size:2rem;--icon-color:#333333;\"><i class=\"fas fa-chevron-down\"><\/i><\/div><\/a><div class=\"w-iconbox-meta\"><\/div><\/div><div class=\"w-separator size_medium\"><\/div><\/div><\/div><\/div><\/div><\/section><section class=\"l-section wpb_row height_medium\" id=\"intro\"><div class=\"l-section-h i-cf\"><div class=\"g-cols vc_row via_grid cols_1 laptops-cols_inherit tablets-cols_inherit mobiles-cols_1 valign_top type_default stacking_default\"><div class=\"wpb_column vc_column_container\"><div class=\"vc_column-inner\"><div class=\"g-cols wpb_row via_grid cols_1 laptops-cols_inherit tablets-cols_inherit mobiles-cols_1 valign_middle type_default stacking_default\" style=\"--columns-gap:3rem;\"><div class=\"wpb_column vc_column_container\"><div class=\"vc_column-inner\"><div class=\"wpb_text_column\"><div class=\"wpb_wrapper\"><h2 style=\"text-align: left;\">IBM Cognos BI<\/h2>\n<\/div><\/div><div class=\"w-separator size_small\"><\/div><div class=\"wpb_text_column\"><div class=\"wpb_wrapper\"><p>Bevor Business Intelligence Tools auf den Markt kamen, wurde das Hauptaugenmerk auf das Sammeln von Daten gelegt. Je mehr Daten eine Firma hatte, umso M\u00e4chtiger war sie. Doch Unternehmensentscheidungen konnten nur bedingt auf Grundlage der gesammelten Daten getroffen werden. Zu beschwerlich war das Lesen und Interpretieren. Mit der Einf\u00fchrung von Business Intelligence Systeme, die sich in Ihren Auswertungen auf firmeneigene Informationen st\u00fctzten, wurden Entscheidungstr\u00e4ger auf eine noch nie dagewesene Form unterst\u00fctzt.<\/p>\n<\/div><\/div><div class=\"w-separator size_small\"><\/div><div class=\"wpb_text_column\"><div class=\"wpb_wrapper\"><p><strong>IBM Cognos Business Intelligence<\/strong> ist eine leistungsf\u00e4hige L\u00f6sung f\u00fcr Performance Management, die das gesamte Spektrum von Business Intelligence (BI)-Funktionen \u00fcber eine zentrale, serviceorientierte Architektur (SOA) bereith\u00e4lt. Damit bietet IBM Cognos eine skalierbare, integrierte Unternehmensl\u00f6sung zur Unterst\u00fctzung unterschiedlicher Anforderungen \u2013 von der Produktions- \u00fcber die Vertriebs- bis zur integrierten Erfolgs- und Finanzplanung.<\/p>\n<\/div><\/div><div class=\"w-separator size_small\"><\/div><div class=\"wpb_text_column\"><div class=\"wpb_wrapper\"><p>Die IBM Cognos Business Intelligence-Suite enth\u00e4lt sowohl Komponenten zur multidimensionalen Datenerfassung und -haltung, als auch funktionsstarke Werkzeuge f\u00fcr relationales und multidimensionales Reporting und die Analyse. Damit werden Sie in die Lage versetzt, fundierte Entscheidungen auf Basis harter Fakten zu treffen, bessere Ergebnisse zu erzielen und sich einen klaren \u00dcberblick \u00fcber Trends, Chancen, Schwachstellen und Risiken zu verschaffen.<\/p>\n<\/div><\/div><\/div><\/div><\/div><\/div><\/div><\/div><\/div><\/section><section class=\"l-section wpb_row us_custom_6bb6165e has_text_color height_medium\" id=\"history\"><div class=\"l-section-h i-cf\"><div class=\"g-cols vc_row via_grid cols_1 laptops-cols_inherit tablets-cols_inherit mobiles-cols_1 valign_top type_default stacking_default\"><div class=\"wpb_column vc_column_container\"><div class=\"vc_column-inner\"><div class=\"w-actionbox color_primary controls_right\"><div class=\"w-actionbox-text\"><h2 class=\"w-actionbox-title\">Jetzt Live-Demo anfordern<\/h2><div class=\"w-actionbox-description\"><p>Kontaktieren Sie uns. Unsere Experten helfen Ihnen zuverl\u00e4ssig weiter.<\/p>\n<\/div><\/div><div class=\"w-actionbox-controls\"><a class=\"w-btn us-btn-style_3\" style=\"font-size:16px\" title=\"Kontakt\" href=\"https:\/\/www.comesio.com\/web\/kontakt\/\"><span class=\"w-btn-label\">Nachricht senden<\/span><\/a><\/div><\/div><\/div><\/div><\/div><\/div><\/section><section class=\"l-section wpb_row height_medium\"><div class=\"l-section-h i-cf\"><div class=\"g-cols vc_row via_grid cols_1 laptops-cols_inherit tablets-cols_inherit mobiles-cols_1 valign_top type_default stacking_default\"><div class=\"wpb_column vc_column_container\"><div class=\"vc_column-inner\"><div class=\"g-cols wpb_row via_grid cols_1 laptops-cols_inherit tablets-cols_inherit mobiles-cols_1 valign_top type_default stacking_default\" style=\"--columns-gap:3rem;\"><div class=\"wpb_column vc_column_container\"><div class=\"vc_column-inner\"><div class=\"wpb_text_column\"><div class=\"wpb_wrapper\"><h2 style=\"text-align: center;\"><strong>IBM Cognos BI<\/strong>. Warum? Darum!<\/h2>\n<\/div><\/div>[vc_custom_heading text=&#8220;Nichts ist im Gesch\u00e4ftsleben, wie es einmal war. Hand drauf \u2013 die Komplexit\u00e4t steigt und nimmt auch weiterhin zu. Heute m\u00fcssen Sie schnell sein, um auf Marktver\u00e4nderungen zeitnah zu reagieren. Ihre Entscheidungsfindung muss fundiert, rasch und effektiv erfolgen. IBM Cognos BI hilft Ihnen, im Rahmen Ihrer Strategie, aus verl\u00e4sslichen Informationen gewonnene Erkenntnisse mit Ma\u00dfnahmen zu verkn\u00fcpfen, die mittels strategischer und betriebsrelevanter Pl\u00e4ne umgesetzt werden.&#8220; font_container=&#8220;tag:p|font_size:18px|text_align:center|line_height:21px&#8220; use_theme_fonts=&#8220;yes&#8220; css=&#8220;%7B%22default%22%3A%7B%22font-size%22%3A%2218px%22%2C%22line-height%22%3A%2221px%22%7D%7D&#8220;]<\/div><\/div><\/div><div class=\"w-separator size_large\"><\/div><div class=\"g-cols wpb_row via_grid cols_4 laptops-cols_inherit tablets-cols_inherit mobiles-cols_1 valign_top type_default stacking_default\" style=\"--columns-gap:3rem;\"><div class=\"wpb_column vc_column_container\"><div class=\"vc_column-inner\"><div class=\"w-iconbox iconpos_top style_outlined color_primary align_left\"><div class=\"w-iconbox-icon\" style=\"font-size:48px;\"><i class=\"fal fa-wrench\"><\/i><\/div><div class=\"w-iconbox-meta\"><h4 class=\"w-iconbox-title\">Berichterstellung<\/h4><div class=\"w-iconbox-text\"><p>IBM Cognos Business Intelligence umfasst einfache Funktionen f\u00fcr die professionelle Berichtserstellung, die zeitlich entlasten. Benutzer k\u00f6nnen eigene Ad-hoc-Abfragen erstellen, oder bereits bestehende Berichte anpassen. Die Automatisierung von Berichten ist simpel. Die Funktionen f\u00fcr die bereichs\u00fcbergreifende Berichtserstellung unterst\u00fctzen die Entscheidungsfindung bei kollaborativen Arbeiten.<\/p>\n<\/div><\/div><\/div><\/div><\/div><div class=\"wpb_column vc_column_container\"><div class=\"vc_column-inner\"><div class=\"w-iconbox iconpos_top style_outlined color_primary align_left\"><div class=\"w-iconbox-icon\" style=\"font-size:48px;\"><i class=\"fal fa-comment\"><\/i><\/div><div class=\"w-iconbox-meta\"><h4 class=\"w-iconbox-title\">Analyse<\/h4><div class=\"w-iconbox-text\"><p>Mit den Analysefunktionen der IBM Cognos Business Intelligence liefern Sie konsistente, verl\u00e4ssliche Informationen, die f\u00fcr fundierte Entscheidungen ben\u00f6tigt werden \u2013 einfach und intuitiv. Anwender k\u00f6nnen Ihre aktuelle Gesch\u00e4ftssituation durch vorausschauende oder \u201cWas w\u00e4re, wenn\u201d-Berechnungen beurteilen. Die Unterst\u00fctzung f\u00fcr operative und strategische Entscheidungsfindung erleichtert es, die richtigen Informationen zum richtigen Zeitpunkt f\u00fcr eine Analyse heranzuziehen.<\/p>\n<\/div><\/div><\/div><\/div><\/div><div class=\"wpb_column vc_column_container\"><div class=\"vc_column-inner\"><div class=\"w-iconbox iconpos_top style_outlined color_primary align_left\"><div class=\"w-iconbox-icon\" style=\"font-size:48px;\"><i class=\"fal fa-columns\"><\/i><\/div><div class=\"w-iconbox-meta\"><h4 class=\"w-iconbox-title\">Dashboards<\/h4><div class=\"w-iconbox-text\"><p>Mit den Dashboard-Funktionen von IBM Cognos Business Intelligence lassen sich Daten und Informationen individuell zusammenstellen und personalisieren. Diese Funktionalit\u00e4t erm\u00f6glicht den Zugriff aus allen Zeithorizonten (Vergangenheit, Gegenwart und Zukunft). Dashboards sind innerhalb der L\u00f6sung auch portierbar, damit Entscheidungen zum richtigen Zeitpunkt und am erforderlichen Ort getroffen werden k\u00f6nnen.<\/p>\n<\/div><\/div><\/div><\/div><\/div><div class=\"wpb_column vc_column_container\"><div class=\"vc_column-inner\"><div class=\"w-iconbox iconpos_top style_outlined color_primary align_left\"><div class=\"w-iconbox-icon\" style=\"font-size:48px;\"><i class=\"fal fa-mobile-alt\"><\/i><\/div><div class=\"w-iconbox-meta\"><h4 class=\"w-iconbox-title\">Mobil<\/h4><div class=\"w-iconbox-text\"><p>Mit den mobilen Funktionen von IBM Cognos Business Intelligence haben Sie Ihre Entscheidungsgrundlagen immer bei sich \u2013 jederzeit, \u00fcberall, sicher und komfortabel. Alle wichtigen Endger\u00e4tewerden dabei unterst\u00fctzt. Mit einem vom System unterst\u00fctzten Client k\u00f6nnen die Benutzer Berichte, Dashboards, Kennzahlen und Analysen in einer sicheren, mobilen Umgebung einsetzen. Die Benutzer erhalten standortunabh\u00e4ngig, nutzbare aussagekr\u00e4ftige und interaktive Informationen.<\/p>\n<\/div><\/div><\/div><\/div><\/div><\/div><\/div><\/div><\/div><\/div><\/section>\n","protected":false},"excerpt":{"rendered":"[vc_custom_heading text=\"IBM Cognos BI business. intelligence. tool.\" font_container=\"tag:h1|text_align:center\" use_theme_fonts=\"yes\" css=\"%7B%22default%22%3A%7B%22font-size%22%3A%2260%22%7D%7D\"]IBM Cognos BI Bevor Business Intelligence Tools auf den Markt kamen, wurde das Hauptaugenmerk auf das Sammeln von Daten gelegt. Je mehr Daten eine Firma hatte, umso M\u00e4chtiger war sie. Doch Unternehmensentscheidungen konnten nur bedingt auf Grundlage der gesammelten Daten getroffen werden. Zu beschwerlich war das...","protected":false},"author":1,"featured_media":0,"parent":1194,"menu_order":3,"comment_status":"closed","ping_status":"closed","template":"","meta":{"footnotes":""},"class_list":["post-6102","page","type-page","status-publish","hentry"],"_links":{"self":[{"href":"https:\/\/www.comesio.com\/web\/wp-json\/wp\/v2\/pages\/6102","targetHints":{"allow":["GET"]}}],"collection":[{"href":"https:\/\/www.comesio.com\/web\/wp-json\/wp\/v2\/pages"}],"about":[{"href":"https:\/\/www.comesio.com\/web\/wp-json\/wp\/v2\/types\/page"}],"author":[{"embeddable":true,"href":"https:\/\/www.comesio.com\/web\/wp-json\/wp\/v2\/users\/1"}],"replies":[{"embeddable":true,"href":"https:\/\/www.comesio.com\/web\/wp-json\/wp\/v2\/comments?post=6102"}],"version-history":[{"count":37,"href":"https:\/\/www.comesio.com\/web\/wp-json\/wp\/v2\/pages\/6102\/revisions"}],"predecessor-version":[{"id":7649,"href":"https:\/\/www.comesio.com\/web\/wp-json\/wp\/v2\/pages\/6102\/revisions\/7649"}],"up":[{"embeddable":true,"href":"https:\/\/www.comesio.com\/web\/wp-json\/wp\/v2\/pages\/1194"}],"wp:attachment":[{"href":"https:\/\/www.comesio.com\/web\/wp-json\/wp\/v2\/media?parent=6102"}],"curies":[{"name":"wp","href":"https:\/\/api.w.org\/{rel}","templated":true}]}}