{"id":6091,"date":"2018-03-05T15:40:55","date_gmt":"2018-03-05T14:40:55","guid":{"rendered":"http:\/\/comesio.cchosting.at\/wordpress\/?page_id=6091"},"modified":"2024-09-16T10:54:40","modified_gmt":"2024-09-16T08:54:40","slug":"datenschutz","status":"publish","type":"page","link":"https:\/\/www.comesio.com\/web\/datenschutz\/","title":{"rendered":"Datenschutz"},"content":{"rendered":"<section class=\"l-section wpb_row height_medium\"><div class=\"l-section-h i-cf\"><div class=\"g-cols vc_row via_grid cols_1 laptops-cols_inherit tablets-cols_inherit mobiles-cols_1 valign_top type_default stacking_default\"><div class=\"wpb_column vc_column_container\"><div class=\"vc_column-inner\"><div class=\"wpb_text_column\"><div class=\"wpb_wrapper\"><h2>Datenschutzerkl\u00e4rung<br \/>\nVerarbeitung<\/h2>\n<p>Wir verarbeiten Ihre personenbezogenen Daten, die unter folgende Datenkategorien fallen:<\/p>\n<p>\u2022 Name des Unternehmens,<br \/>\n\u2022 Firmenbuchnummer,<br \/>\n\u2022 Ansprechperson,<br \/>\n\u2022 Gesch\u00e4ftsanschrift,<br \/>\n\u2022 Kontaktdaten (Telefonnummer, E-Mail-Adresse)<br \/>\n\u2022 Bestelldaten,<br \/>\n\u2022 UID-Nummer,<br \/>\n\u2022 Kundenserviceanfragen<br \/>\n\u2022 Produktsupportdienstleistungen<\/p>\n<h2>Einwilligung &amp; Widerruf<\/h2>\n<p>Sie haben uns Daten \u00fcber sich <strong>freiwillig zur Verf\u00fcgung gestellt<\/strong> und wir verarbeiten diese Daten auf Grundlage Ihrer Einwilligung zu folgenden Zwecken:<\/p>\n<p>\u2022 Angebotslegung<br \/>\n\u2022 Bestellabwicklung<br \/>\n\u2022 Betreuung des Kunden sowie<br \/>\n\u2022 f\u00fcr eigene Werbezwecke, beispielsweise zur Einladung von Events, zur Zusendung von Angeboten, Werbeprospekten und Newsletter (in Papier- und elektronischer Form), sowie zum Zwecke des Hinweises auf die zum Kunden bestehende oder vormalige Gesch\u00e4ftsbeziehung.<\/p>\n<p>Sie k\u00f6nnen diese Einwilligung jederzeit widerrufen. Ein Widerruf hat zur Folge, dass wir Ihre Daten ab diesem Zeitpunkt zu oben genannten Zwecken nicht mehr verarbeiten. F\u00fcr einen Widerruf wenden Sie sich bitte an: <strong>office@comesio.com.<\/strong><\/p>\n<p>Die von Ihnen bereit gestellten Daten sind weiters zur Vertragserf\u00fcllung bzw. zur Durchf\u00fchrung vorvertraglicher Ma\u00dfnahmen erforderlich. Ohne diese Daten k\u00f6nnen wir den Vertrag mit Ihnen nicht abschlie\u00dfen.<\/p>\n<p>Wir speichern Ihre Daten bis zur Beendigung der gesetzlichen Aufbewahrungspflicht. Danach l\u00f6schen wir diese auf Wunsch innerhalb der gesetzlichen Fristen.<\/p>\n<h2>Auftragsverarbeiter<\/h2>\n<p>F\u00fcr diese Vertragserf\u00fcllung ziehen wir Auftragsverarbeiter heran.<\/p>\n<p>Wir geben Ihre Daten an folgende Empf\u00e4nger weiter<\/p>\n<p>IBM Softwarelizenzgesch\u00e4ft und Produktsupportdienstleistung<br \/>\nIBM \u00d6sterreich Internationale B\u00fcromaschinen Gesellschaft m.b.H<br \/>\nTech Data AS Handelsgesellschaft m.b.H.<\/p>\n<p>BSP Softwarelizenzgesch\u00e4ft und Produktsupportdienstleistung<br \/>\nTech Data BSP Software der Tech Data Corporation<\/p>\n<p>Tableau Softwarelizenzgesch\u00e4ft und Produktsupportdienstleistung<br \/>\nTableau Germany GmbH<\/p>\n<p>Buchhaltung, Rechnungswesen und Finanzwesen<br \/>\nAschauer &amp; Rachbauer OG Steuerberatungsgesellschaft<\/p>\n<p>Sie erreichen uns unter folgenden Kontaktdaten:<br \/>\n<strong>DC-Tower 1, Donau-City-Stra\u00dfe 7\/30. Etage<\/strong><br \/>\n<strong>1220 Wien<\/strong><br \/>\n<strong>+43 (0)1 410 94 70<\/strong><br \/>\n<strong>office@comesio.com<\/strong><\/p>\n<h3>Rechtsbehelfsbelehrung<\/h3>\n<p>Ihnen stehen grunds\u00e4tzlich die Rechte auf Auskunft, Berichtigung, L\u00f6schung, Einschr\u00e4nkung, Daten\u00fcbertragbarkeit und Widerspruch zu. Daf\u00fcr wenden Sie sich an uns. Wenn Sie glauben, dass die Verarbeitung Ihrer Daten gegen das Datenschutzrecht verst\u00f6\u00dft oder Ihre datenschutzrechtlichen Anspr\u00fcche sonst in einer Weise verletzt worden sind, k\u00f6nnen Sie sich bei der Aufsichtsbeh\u00f6rde beschweren. In \u00d6sterreich ist die Datenschutzbeh\u00f6rde zust\u00e4ndig.<\/p>\n<\/div><\/div><\/div><\/div><\/div><\/div><\/section>\n","protected":false},"excerpt":{"rendered":"Datenschutzerkl\u00e4rung Verarbeitung Wir verarbeiten Ihre personenbezogenen Daten, die unter folgende Datenkategorien fallen: \u2022 Name des Unternehmens, \u2022 Firmenbuchnummer, \u2022 Ansprechperson, \u2022 Gesch\u00e4ftsanschrift, \u2022 Kontaktdaten (Telefonnummer, E-Mail-Adresse) \u2022 Bestelldaten, \u2022 UID-Nummer, \u2022 Kundenserviceanfragen \u2022 Produktsupportdienstleistungen Einwilligung &amp; Widerruf Sie haben uns Daten \u00fcber sich freiwillig zur Verf\u00fcgung gestellt und wir verarbeiten diese Daten auf Grundlage Ihrer...","protected":false},"author":1,"featured_media":0,"parent":0,"menu_order":12,"comment_status":"closed","ping_status":"closed","template":"","meta":{"footnotes":""},"class_list":["post-6091","page","type-page","status-publish","hentry"],"_links":{"self":[{"href":"https:\/\/www.comesio.com\/web\/wp-json\/wp\/v2\/pages\/6091","targetHints":{"allow":["GET"]}}],"collection":[{"href":"https:\/\/www.comesio.com\/web\/wp-json\/wp\/v2\/pages"}],"about":[{"href":"https:\/\/www.comesio.com\/web\/wp-json\/wp\/v2\/types\/page"}],"author":[{"embeddable":true,"href":"https:\/\/www.comesio.com\/web\/wp-json\/wp\/v2\/users\/1"}],"replies":[{"embeddable":true,"href":"https:\/\/www.comesio.com\/web\/wp-json\/wp\/v2\/comments?post=6091"}],"version-history":[{"count":5,"href":"https:\/\/www.comesio.com\/web\/wp-json\/wp\/v2\/pages\/6091\/revisions"}],"predecessor-version":[{"id":7675,"href":"https:\/\/www.comesio.com\/web\/wp-json\/wp\/v2\/pages\/6091\/revisions\/7675"}],"wp:attachment":[{"href":"https:\/\/www.comesio.com\/web\/wp-json\/wp\/v2\/media?parent=6091"}],"curies":[{"name":"wp","href":"https:\/\/api.w.org\/{rel}","templated":true}]}}